{"id":17561,"date":"2024-04-27T13:23:21","date_gmt":"2024-04-27T13:23:21","guid":{"rendered":"https:\/\/web.oramags.pt\/?page_id=17561"},"modified":"2024-05-15T19:45:35","modified_gmt":"2024-05-15T19:45:35","slug":"servicos-apoio-consultoria-solucoes-cada-etapa","status":"publish","type":"page","link":"https:\/\/oramags.pt\/en\/servicos-apoio-consultoria-solucoes-cada-etapa\/","title":{"rendered":"Servi\u00e7os de Apoio e Consultoria Solu\u00e7\u00f5es em Cada Etapa"},"content":{"rendered":"<div data-elementor-type=\"wp-page\" data-elementor-id=\"17561\" class=\"elementor elementor-17561\">\n\t\t\t\t\t\t<section class=\"elementor-section elementor-top-section elementor-element elementor-element-5b81e21 elementor-section-height-min-height animated-slow elementor-section-boxed elementor-section-height-default elementor-section-items-middle elementor-invisible\" data-id=\"5b81e21\" data-element_type=\"section\" data-settings=\"{&quot;background_background&quot;:&quot;classic&quot;,&quot;animation&quot;:&quot;fadeIn&quot;}\">\n\t\t\t\t\t\t\t<div class=\"elementor-background-overlay\"><\/div>\n\t\t\t\t\t\t\t<div class=\"elementor-container elementor-column-gap-default\">\n\t\t\t\t\t<div class=\"elementor-column elementor-col-100 elementor-top-column elementor-element elementor-element-ad367f8\" data-id=\"ad367f8\" data-element_type=\"column\">\n\t\t\t<div class=\"elementor-widget-wrap elementor-element-populated\">\n\t\t\t\t\t\t<div class=\"elementor-element elementor-element-0e7939f elementor-widget elementor-widget-heading\" data-id=\"0e7939f\" data-element_type=\"widget\" data-widget_type=\"heading.default\">\n\t\t\t\t<div class=\"elementor-widget-container\">\n\t\t\t\t\t<h1 class=\"elementor-heading-title elementor-size-default\">ORAMA Green Consulting - Support and Consulting Services<\/h1>\t\t\t\t<\/div>\n\t\t\t\t<\/div>\n\t\t\t\t\t<\/div>\n\t\t<\/div>\n\t\t\t\t\t<\/div>\n\t\t<\/section>\n\t\t\t\t<section class=\"elementor-section elementor-top-section elementor-element elementor-element-7de1bca elementor-section-boxed elementor-section-height-default elementor-section-height-default\" data-id=\"7de1bca\" data-element_type=\"section\">\n\t\t\t\t\t\t<div class=\"elementor-container elementor-column-gap-default\">\n\t\t\t\t\t<div class=\"elementor-column elementor-col-100 elementor-top-column elementor-element elementor-element-b896568\" data-id=\"b896568\" data-element_type=\"column\">\n\t\t\t<div class=\"elementor-widget-wrap elementor-element-populated\">\n\t\t\t\t\t\t<div class=\"elementor-element elementor-element-de14f81 elementor-widget elementor-widget-spacer\" data-id=\"de14f81\" data-element_type=\"widget\" data-widget_type=\"spacer.default\">\n\t\t\t\t<div class=\"elementor-widget-container\">\n\t\t\t\t\t\t\t<div class=\"elementor-spacer\">\n\t\t\t<div class=\"elementor-spacer-inner\"><\/div>\n\t\t<\/div>\n\t\t\t\t\t\t<\/div>\n\t\t\t\t<\/div>\n\t\t\t\t<div class=\"elementor-element elementor-element-723dae5 elementor-widget elementor-widget-heading\" data-id=\"723dae5\" data-element_type=\"widget\" data-widget_type=\"heading.default\">\n\t\t\t\t<div class=\"elementor-widget-container\">\n\t\t\t\t\t<h2 class=\"elementor-heading-title elementor-size-default\">Solutions at every stage<\/h2>\t\t\t\t<\/div>\n\t\t\t\t<\/div>\n\t\t\t\t<div class=\"elementor-element elementor-element-8c5c262 elementor-widget elementor-widget-text-editor\" data-id=\"8c5c262\" data-element_type=\"widget\" data-widget_type=\"text-editor.default\">\n\t\t\t\t<div class=\"elementor-widget-container\">\n\t\t\t\t\t\t\t\t\t<p>From the moment you share your dream house plan with us, we take responsibility for making it a reality.<\/p><p>We provide complete project management, ensuring that every detail is coordinated so that your home embodies the charm of rural life.<\/p><p>Our focus is on providing the solutions you need, making the process as fluid as possible.<\/p>\t\t\t\t\t\t\t\t<\/div>\n\t\t\t\t<\/div>\n\t\t\t\t\t<\/div>\n\t\t<\/div>\n\t\t\t\t\t<\/div>\n\t\t<\/section>\n\t\t<div class=\"elementor-element elementor-element-896bc40 e-flex e-con-boxed e-con e-parent\" data-id=\"896bc40\" data-element_type=\"container\">\n\t\t\t\t\t<div class=\"e-con-inner\">\n\t\t\t\t<div class=\"elementor-element elementor-element-a16341d elementor-tabs-view-horizontal elementor-widget elementor-widget-tabs\" data-id=\"a16341d\" data-element_type=\"widget\" data-widget_type=\"tabs.default\">\n\t\t\t\t<div class=\"elementor-widget-container\">\n\t\t\t\t\t\t\t<div class=\"elementor-tabs\">\n\t\t\t<div class=\"elementor-tabs-wrapper\" role=\"tablist\" >\n\t\t\t\t\t\t\t\t\t<div id=\"elementor-tab-title-1691\" class=\"elementor-tab-title elementor-tab-desktop-title\" aria-selected=\"true\" data-tab=\"1\" role=\"tab\" tabindex=\"0\" aria-controls=\"elementor-tab-content-1691\" aria-expanded=\"false\">Agricultural Consulting<\/div>\n\t\t\t\t\t\t\t\t\t<div id=\"elementor-tab-title-1692\" class=\"elementor-tab-title elementor-tab-desktop-title\" aria-selected=\"false\" data-tab=\"2\" role=\"tab\" tabindex=\"-1\" aria-controls=\"elementor-tab-content-1692\" aria-expanded=\"false\">Construction Services<\/div>\n\t\t\t\t\t\t\t\t\t<div id=\"elementor-tab-title-1693\" class=\"elementor-tab-title elementor-tab-desktop-title\" aria-selected=\"false\" data-tab=\"3\" role=\"tab\" tabindex=\"-1\" aria-controls=\"elementor-tab-content-1693\" aria-expanded=\"false\">Connecting you to the right experts<\/div>\n\t\t\t\t\t\t\t\t\t<div id=\"elementor-tab-title-1694\" class=\"elementor-tab-title elementor-tab-desktop-title\" aria-selected=\"false\" data-tab=\"4\" role=\"tab\" tabindex=\"-1\" aria-controls=\"elementor-tab-content-1694\" aria-expanded=\"false\">Legal Services<\/div>\n\t\t\t\t\t\t\t\t\t<div id=\"elementor-tab-title-1695\" class=\"elementor-tab-title elementor-tab-desktop-title\" aria-selected=\"false\" data-tab=\"5\" role=\"tab\" tabindex=\"-1\" aria-controls=\"elementor-tab-content-1695\" aria-expanded=\"false\">Getting Licences<\/div>\n\t\t\t\t\t\t\t<\/div>\n\t\t\t<div class=\"elementor-tabs-content-wrapper\" role=\"tablist\" aria-orientation=\"vertical\">\n\t\t\t\t\t\t\t\t\t<div class=\"elementor-tab-title elementor-tab-mobile-title\" aria-selected=\"true\" data-tab=\"1\" role=\"tab\" tabindex=\"0\" aria-controls=\"elementor-tab-content-1691\" aria-expanded=\"false\">Agricultural Consulting<\/div>\n\t\t\t\t\t<div id=\"elementor-tab-content-1691\" class=\"elementor-tab-content elementor-clearfix\" data-tab=\"1\" role=\"tabpanel\" aria-labelledby=\"elementor-tab-title-1691\" tabindex=\"0\" hidden=\"false\"><p>The <span style=\"color: #8b9a5d;\"><strong>ORAMA <\/strong><\/span>simplifies your journey into rural life.<\/p><p>Our expert agricultural consultants are here to guide you in adopting sustainable farming practices and making the most of your new life.<\/p><p>Interested in exploring organic, syntropic and biodynamic farming? <span style=\"color: #8b9a5d;\"><strong>ORAMA <\/strong><\/span>is here to support you in all these options in Portugal.<\/p><p>Permaculture projects? We're here to help and connect you with local communities.<\/p><p>Medical cannabis, vineyards, orchards, animal husbandry - the <span style=\"color: #8b9a5d;\"><strong>ORAMA <\/strong><\/span>is your right partner for consulting and implementing your project in Portugal.<\/p><p>Do you want to integrate your agricultural project into a tourism and sustainability enterprise? We're ready to help you with the best solutions.<\/p><p>Cleaning your property with specialised equipment and professionals, preparing the land, planting, managing and monitoring agricultural crops and livestock, finding technical and economic solutions?<\/p><p>Leave the <span style=\"color: #8b9a5d;\"><strong>ORAMA <\/strong><\/span>take care of everything for you and enjoy the charm and peace of the countryside.<\/p><p>We are ready to provide complete support in realising your objectives, from drawing up the project to submitting it to the relevant authorities and seeking European support funds.<\/p><\/div>\n\t\t\t\t\t\t\t\t\t<div class=\"elementor-tab-title elementor-tab-mobile-title\" aria-selected=\"false\" data-tab=\"2\" role=\"tab\" tabindex=\"-1\" aria-controls=\"elementor-tab-content-1692\" aria-expanded=\"false\">Construction Services<\/div>\n\t\t\t\t\t<div id=\"elementor-tab-content-1692\" class=\"elementor-tab-content elementor-clearfix\" data-tab=\"2\" role=\"tabpanel\" aria-labelledby=\"elementor-tab-title-1692\" tabindex=\"0\" hidden=\"hidden\"><p>Transform your rural property into an environmentally friendly haven with construction services from <span style=\"color: #8b9a5d;\"><strong>ORAMA<\/strong><\/span>.<\/p><p>We'll bring your dream home to life, making the transition to rural life in Portugal a real pleasure.<\/p><\/div>\n\t\t\t\t\t\t\t\t\t<div class=\"elementor-tab-title elementor-tab-mobile-title\" aria-selected=\"false\" data-tab=\"3\" role=\"tab\" tabindex=\"-1\" aria-controls=\"elementor-tab-content-1693\" aria-expanded=\"false\">Connecting you to the right experts<\/div>\n\t\t\t\t\t<div id=\"elementor-tab-content-1693\" class=\"elementor-tab-content elementor-clearfix\" data-tab=\"3\" role=\"tabpanel\" aria-labelledby=\"elementor-tab-title-1693\" tabindex=\"0\" hidden=\"hidden\"><p>It is essential to find the perfect construction company that is aligned with your vision and values.<\/p><p>The <span style=\"color: #8b9a5d;\"><strong>ORAMA <\/strong><\/span>serves as a bridge between you and construction experts specialising in the development of environmentally friendly and sustainable rural properties.<\/p><p>With our vast network and knowledge of the sector, we ensure that your project is entrusted to the most capable specialists.<\/p><\/div>\n\t\t\t\t\t\t\t\t\t<div class=\"elementor-tab-title elementor-tab-mobile-title\" aria-selected=\"false\" data-tab=\"4\" role=\"tab\" tabindex=\"-1\" aria-controls=\"elementor-tab-content-1694\" aria-expanded=\"false\">Legal Services<\/div>\n\t\t\t\t\t<div id=\"elementor-tab-content-1694\" class=\"elementor-tab-content elementor-clearfix\" data-tab=\"4\" role=\"tabpanel\" aria-labelledby=\"elementor-tab-title-1694\" tabindex=\"0\" hidden=\"hidden\"><p>The <span style=\"color: #8b9a5d;\"><strong>ORAMA <\/strong><\/span>simplifies the complexity of rural life in Portugal.<\/p><p>Our legal experts provide ongoing support and counselling to expats, ensuring a hassle-free transition and a sustainable future in the beautiful Portuguese countryside.<\/p><\/div>\n\t\t\t\t\t\t\t\t\t<div class=\"elementor-tab-title elementor-tab-mobile-title\" aria-selected=\"false\" data-tab=\"5\" role=\"tab\" tabindex=\"-1\" aria-controls=\"elementor-tab-content-1695\" aria-expanded=\"false\">Getting Licences<\/div>\n\t\t\t\t\t<div id=\"elementor-tab-content-1695\" class=\"elementor-tab-content elementor-clearfix\" data-tab=\"5\" role=\"tabpanel\" aria-labelledby=\"elementor-tab-title-1695\" tabindex=\"0\" hidden=\"hidden\"><p>Whether it's licences for rural properties or commercial permits, we'll help you obtain the licences you need to comply with Portuguese regulations.<\/p><p>The <span style=\"color: #8b9a5d;\"><strong>ORAMA <\/strong><\/span>simplifies the process, allowing you to focus on your transition to your new life in the countryside. For all your legal needs, including licences, zoning regulations or other legal issues, count on us to provide solutions.<\/p><\/div>\n\t\t\t\t\t\t\t<\/div>\n\t\t<\/div>\n\t\t\t\t\t\t<\/div>\n\t\t\t\t<\/div>\n\t\t\t\t\t<\/div>\n\t\t\t\t<\/div>\n\t\t\t\t<\/div>","protected":false},"excerpt":{"rendered":"<p>ORAMA Green Consulting \u2013 Servi\u00e7os de Apoio e Consultoria Solu\u00e7\u00f5es em Cada Etapa Desde o momento em que partilha o plano da sua casa de sonho conosco, assumimos a responsabilidade de o tornar realidade. Proporcionamos gest\u00e3o completa de projetos, assegurando a coordena\u00e7\u00e3o de todos os detalhes para que a sua casa incorpore o charme da [&hellip;]<\/p>","protected":false},"author":1,"featured_media":0,"parent":0,"menu_order":0,"comment_status":"closed","ping_status":"closed","template":"template\/template-homepage.php","meta":{"footnotes":""},"class_list":["post-17561","page","type-page","status-publish","hentry"],"yoast_head":"<!-- This site is optimized with the Yoast SEO plugin v25.2 - https:\/\/yoast.com\/wordpress\/plugins\/seo\/ -->\n<title>Servi\u00e7os de Apoio e Consultoria Solu\u00e7\u00f5es em Cada Etapa - ORAMA<\/title>\n<meta name=\"robots\" content=\"index, follow, max-snippet:-1, max-image-preview:large, max-video-preview:-1\" \/>\n<link rel=\"canonical\" href=\"https:\/\/oramags.pt\/en\/servicos-apoio-consultoria-solucoes-cada-etapa\/\" \/>\n<meta property=\"og:locale\" content=\"en_GB\" \/>\n<meta property=\"og:type\" content=\"article\" \/>\n<meta property=\"og:title\" content=\"Servi\u00e7os de Apoio e Consultoria Solu\u00e7\u00f5es em Cada Etapa - ORAMA\" \/>\n<meta property=\"og:description\" content=\"ORAMA Green Consulting \u2013 Servi\u00e7os de Apoio e Consultoria Solu\u00e7\u00f5es em Cada Etapa Desde o momento em que partilha o plano da sua casa de sonho conosco, assumimos a responsabilidade de o tornar realidade. Proporcionamos gest\u00e3o completa de projetos, assegurando a coordena\u00e7\u00e3o de todos os detalhes para que a sua casa incorpore o charme da [&hellip;]\" \/>\n<meta property=\"og:url\" content=\"https:\/\/oramags.pt\/en\/servicos-apoio-consultoria-solucoes-cada-etapa\/\" \/>\n<meta property=\"og:site_name\" content=\"ORAMA\" \/>\n<meta property=\"article:modified_time\" content=\"2024-05-15T19:45:35+00:00\" \/>\n<meta name=\"twitter:card\" content=\"summary_large_image\" \/>\n<meta name=\"twitter:label1\" content=\"Estimated reading time\" \/>\n\t<meta name=\"twitter:data1\" content=\"3 minutes\" \/>\n<script type=\"application\/ld+json\" class=\"yoast-schema-graph\">{\"@context\":\"https:\/\/schema.org\",\"@graph\":[{\"@type\":\"WebPage\",\"@id\":\"https:\/\/oramags.pt\/servicos-apoio-consultoria-solucoes-cada-etapa\/\",\"url\":\"https:\/\/oramags.pt\/servicos-apoio-consultoria-solucoes-cada-etapa\/\",\"name\":\"Servi\u00e7os de Apoio e Consultoria Solu\u00e7\u00f5es em Cada Etapa - ORAMA\",\"isPartOf\":{\"@id\":\"https:\/\/oramags.pt\/#website\"},\"datePublished\":\"2024-04-27T13:23:21+00:00\",\"dateModified\":\"2024-05-15T19:45:35+00:00\",\"breadcrumb\":{\"@id\":\"https:\/\/oramags.pt\/servicos-apoio-consultoria-solucoes-cada-etapa\/#breadcrumb\"},\"inLanguage\":\"en-GB\",\"potentialAction\":[{\"@type\":\"ReadAction\",\"target\":[\"https:\/\/oramags.pt\/servicos-apoio-consultoria-solucoes-cada-etapa\/\"]}]},{\"@type\":\"BreadcrumbList\",\"@id\":\"https:\/\/oramags.pt\/servicos-apoio-consultoria-solucoes-cada-etapa\/#breadcrumb\",\"itemListElement\":[{\"@type\":\"ListItem\",\"position\":1,\"name\":\"In\u00edcio\",\"item\":\"https:\/\/oramags.pt\/\"},{\"@type\":\"ListItem\",\"position\":2,\"name\":\"Servi\u00e7os de Apoio e Consultoria Solu\u00e7\u00f5es em Cada Etapa\"}]},{\"@type\":\"WebSite\",\"@id\":\"https:\/\/oramags.pt\/#website\",\"url\":\"https:\/\/oramags.pt\/\",\"name\":\"ORAMA \u2013 Green Real Estate & Consulting\",\"description\":\"ORAMA \u2013 Green Real Estate &amp; Consulting \u00e9 o seu parceiro de confian\u00e7a para uma transi\u00e7\u00e3o suave para as deslumbrantes paisagens rurais de Portugal.\",\"publisher\":{\"@id\":\"https:\/\/oramags.pt\/#organization\"},\"potentialAction\":[{\"@type\":\"SearchAction\",\"target\":{\"@type\":\"EntryPoint\",\"urlTemplate\":\"https:\/\/oramags.pt\/?s={search_term_string}\"},\"query-input\":{\"@type\":\"PropertyValueSpecification\",\"valueRequired\":true,\"valueName\":\"search_term_string\"}}],\"inLanguage\":\"en-GB\"},{\"@type\":\"Organization\",\"@id\":\"https:\/\/oramags.pt\/#organization\",\"name\":\"Orama Green Solutions, Unipessoal, Lda\",\"url\":\"https:\/\/oramags.pt\/\",\"logo\":{\"@type\":\"ImageObject\",\"inLanguage\":\"en-GB\",\"@id\":\"https:\/\/oramags.pt\/#\/schema\/logo\/image\/\",\"url\":\"https:\/\/oramags.pt\/wp-content\/uploads\/2016\/02\/Logotipo_ORAMA-GreenRealEstateConsulting.png\",\"contentUrl\":\"https:\/\/oramags.pt\/wp-content\/uploads\/2016\/02\/Logotipo_ORAMA-GreenRealEstateConsulting.png\",\"width\":500,\"height\":500,\"caption\":\"Orama Green Solutions, Unipessoal, Lda\"},\"image\":{\"@id\":\"https:\/\/oramags.pt\/#\/schema\/logo\/image\/\"},\"sameAs\":[\"https:\/\/www.youtube.com\/@ORAMAGREENREALESTATE\"]}]}<\/script>\n<!-- \/ Yoast SEO plugin. -->","yoast_head_json":{"title":"Servi\u00e7os de Apoio e Consultoria Solu\u00e7\u00f5es em Cada Etapa - ORAMA","robots":{"index":"index","follow":"follow","max-snippet":"max-snippet:-1","max-image-preview":"max-image-preview:large","max-video-preview":"max-video-preview:-1"},"canonical":"https:\/\/oramags.pt\/en\/servicos-apoio-consultoria-solucoes-cada-etapa\/","og_locale":"en_GB","og_type":"article","og_title":"Servi\u00e7os de Apoio e Consultoria Solu\u00e7\u00f5es em Cada Etapa - ORAMA","og_description":"ORAMA Green Consulting \u2013 Servi\u00e7os de Apoio e Consultoria Solu\u00e7\u00f5es em Cada Etapa Desde o momento em que partilha o plano da sua casa de sonho conosco, assumimos a responsabilidade de o tornar realidade. Proporcionamos gest\u00e3o completa de projetos, assegurando a coordena\u00e7\u00e3o de todos os detalhes para que a sua casa incorpore o charme da [&hellip;]","og_url":"https:\/\/oramags.pt\/en\/servicos-apoio-consultoria-solucoes-cada-etapa\/","og_site_name":"ORAMA","article_modified_time":"2024-05-15T19:45:35+00:00","twitter_card":"summary_large_image","twitter_misc":{"Estimated reading time":"3 minutes"},"schema":{"@context":"https:\/\/schema.org","@graph":[{"@type":"WebPage","@id":"https:\/\/oramags.pt\/servicos-apoio-consultoria-solucoes-cada-etapa\/","url":"https:\/\/oramags.pt\/servicos-apoio-consultoria-solucoes-cada-etapa\/","name":"Servi\u00e7os de Apoio e Consultoria Solu\u00e7\u00f5es em Cada Etapa - ORAMA","isPartOf":{"@id":"https:\/\/oramags.pt\/#website"},"datePublished":"2024-04-27T13:23:21+00:00","dateModified":"2024-05-15T19:45:35+00:00","breadcrumb":{"@id":"https:\/\/oramags.pt\/servicos-apoio-consultoria-solucoes-cada-etapa\/#breadcrumb"},"inLanguage":"en-GB","potentialAction":[{"@type":"ReadAction","target":["https:\/\/oramags.pt\/servicos-apoio-consultoria-solucoes-cada-etapa\/"]}]},{"@type":"BreadcrumbList","@id":"https:\/\/oramags.pt\/servicos-apoio-consultoria-solucoes-cada-etapa\/#breadcrumb","itemListElement":[{"@type":"ListItem","position":1,"name":"In\u00edcio","item":"https:\/\/oramags.pt\/"},{"@type":"ListItem","position":2,"name":"Servi\u00e7os de Apoio e Consultoria Solu\u00e7\u00f5es em Cada Etapa"}]},{"@type":"WebSite","@id":"https:\/\/oramags.pt\/#website","url":"https:\/\/oramags.pt\/","name":"ORAMA \u2013 Green Real Estate & Consulting","description":"ORAMA \u2013 Green Real Estate &amp; Consulting \u00e9 o seu parceiro de confian\u00e7a para uma transi\u00e7\u00e3o suave para as deslumbrantes paisagens rurais de Portugal.","publisher":{"@id":"https:\/\/oramags.pt\/#organization"},"potentialAction":[{"@type":"SearchAction","target":{"@type":"EntryPoint","urlTemplate":"https:\/\/oramags.pt\/?s={search_term_string}"},"query-input":{"@type":"PropertyValueSpecification","valueRequired":true,"valueName":"search_term_string"}}],"inLanguage":"en-GB"},{"@type":"Organization","@id":"https:\/\/oramags.pt\/#organization","name":"Orama Green Solutions, Unipessoal, Lda","url":"https:\/\/oramags.pt\/","logo":{"@type":"ImageObject","inLanguage":"en-GB","@id":"https:\/\/oramags.pt\/#\/schema\/logo\/image\/","url":"https:\/\/oramags.pt\/wp-content\/uploads\/2016\/02\/Logotipo_ORAMA-GreenRealEstateConsulting.png","contentUrl":"https:\/\/oramags.pt\/wp-content\/uploads\/2016\/02\/Logotipo_ORAMA-GreenRealEstateConsulting.png","width":500,"height":500,"caption":"Orama Green Solutions, Unipessoal, Lda"},"image":{"@id":"https:\/\/oramags.pt\/#\/schema\/logo\/image\/"},"sameAs":["https:\/\/www.youtube.com\/@ORAMAGREENREALESTATE"]}]}},"_links":{"self":[{"href":"https:\/\/oramags.pt\/en\/wp-json\/wp\/v2\/pages\/17561","targetHints":{"allow":["GET"]}}],"collection":[{"href":"https:\/\/oramags.pt\/en\/wp-json\/wp\/v2\/pages"}],"about":[{"href":"https:\/\/oramags.pt\/en\/wp-json\/wp\/v2\/types\/page"}],"author":[{"embeddable":true,"href":"https:\/\/oramags.pt\/en\/wp-json\/wp\/v2\/users\/1"}],"replies":[{"embeddable":true,"href":"https:\/\/oramags.pt\/en\/wp-json\/wp\/v2\/comments?post=17561"}],"version-history":[{"count":0,"href":"https:\/\/oramags.pt\/en\/wp-json\/wp\/v2\/pages\/17561\/revisions"}],"wp:attachment":[{"href":"https:\/\/oramags.pt\/en\/wp-json\/wp\/v2\/media?parent=17561"}],"curies":[{"name":"wp","href":"https:\/\/api.w.org\/{rel}","templated":true}]}}