{"id":17751,"date":"2024-04-28T14:48:54","date_gmt":"2024-04-28T14:48:54","guid":{"rendered":"https:\/\/web.oramags.pt\/?page_id=17751"},"modified":"2024-05-23T21:41:51","modified_gmt":"2024-05-23T21:41:51","slug":"termos-e-condicoes","status":"publish","type":"page","link":"https:\/\/oramags.pt\/en\/termos-e-condicoes\/","title":{"rendered":"Terms and Conditions"},"content":{"rendered":"<div data-elementor-type=\"wp-page\" data-elementor-id=\"17751\" class=\"elementor elementor-17751\">\n\t\t\t\t<div class=\"elementor-element elementor-element-b4df1a8 e-flex e-con-boxed e-con e-parent\" data-id=\"b4df1a8\" data-element_type=\"container\">\n\t\t\t\t\t<div class=\"e-con-inner\">\n\t\t\t\t<div class=\"elementor-element elementor-element-7f80c78 elementor-widget elementor-widget-text-editor\" data-id=\"7f80c78\" data-element_type=\"widget\" data-widget_type=\"text-editor.default\">\n\t\t\t\t<div class=\"elementor-widget-container\">\n\t\t\t\t\t\t\t\t\t<h4>1. Introduction<\/h4><p>This website is owned and operated by <span style=\"text-decoration: underline;\">Orama Green Solutions, Unipessoal, Lda.<\/span>, a company incorporated in Portugal, with registered offices at R. do Pinheiral 93, 4625-357 Penha Longa, Marco de Canaveses, Portugal, NIF 516590570. AMI 22941.<\/p><p>By accessing or using this website, you agree to be bound by these Terms and Conditions. If you do not agree to these Terms and Conditions, you should not access or use this website.<\/p>\t\t\t\t\t\t\t\t<\/div>\n\t\t\t\t<\/div>\n\t\t\t\t<div class=\"elementor-element elementor-element-a253cc4 elementor-widget elementor-widget-text-editor\" data-id=\"a253cc4\" data-element_type=\"widget\" data-widget_type=\"text-editor.default\">\n\t\t\t\t<div class=\"elementor-widget-container\">\n\t\t\t\t\t\t\t\t\t<h4>2. Changes to these Terms and Conditions<\/h4><p>The <span style=\"text-decoration: underline;\">Orama Green Solutions, Unipessoal, Lda. <\/span>reserves the right to change these Terms and Conditions at any time without prior notice. You are responsible for regularly reviewing these Terms and Conditions to stay informed of any changes. Your continued use of this website following any changes to these Terms and Conditions will be deemed acceptance of those changes.<\/p>\t\t\t\t\t\t\t\t<\/div>\n\t\t\t\t<\/div>\n\t\t\t\t<div class=\"elementor-element elementor-element-7732789 elementor-widget elementor-widget-text-editor\" data-id=\"7732789\" data-element_type=\"widget\" data-widget_type=\"text-editor.default\">\n\t\t\t\t<div class=\"elementor-widget-container\">\n\t\t\t\t\t\t\t\t\t<h4>3. Use of the website<\/h4><p>You may access and use this website for your personal, non-commercial use only. You may not use this website for any other purpose, including, but not limited to, commercial use, without the prior written permission of <span style=\"text-decoration: underline;\">Orama Green Solutions, Unipessoal, Lda.<\/span><\/p><p>You agree not to use this website in any way that:<\/p><ul><li>is illegal;<\/li><li>harmful or offensive;<\/li><li>infringes the rights of any third party;<\/li><li>is misleading or fraudulent;<\/li><li>is in breach of any applicable law or regulation;<\/li><li>or is harmful to <span style=\"text-decoration: underline;\">Orama Green Solutions, Unipessoal, Lda.<\/span> or any third party.<\/li><\/ul>\t\t\t\t\t\t\t\t<\/div>\n\t\t\t\t<\/div>\n\t\t\t\t<div class=\"elementor-element elementor-element-9411c44 elementor-widget elementor-widget-text-editor\" data-id=\"9411c44\" data-element_type=\"widget\" data-widget_type=\"text-editor.default\">\n\t\t\t\t<div class=\"elementor-widget-container\">\n\t\t\t\t\t\t\t\t\t<h4>4. Information on this website<\/h4><p>The information on this website is provided \"as is\" and without any warranty or representation of any kind, express or implied. The <span style=\"text-decoration: underline;\">Orama Green Solutions, Unipessoal, Lda.<\/span> does not guarantee that the information on this website is accurate, complete or up-to-date.<\/p><p>The <span style=\"text-decoration: underline;\">Orama Green Solutions, Unipessoal, Lda.<\/span> reserves the right to change or remove any information on this website at any time without prior notice.<\/p>\t\t\t\t\t\t\t\t<\/div>\n\t\t\t\t<\/div>\n\t\t\t\t<div class=\"elementor-element elementor-element-99a8f31 elementor-widget elementor-widget-text-editor\" data-id=\"99a8f31\" data-element_type=\"widget\" data-widget_type=\"text-editor.default\">\n\t\t\t\t<div class=\"elementor-widget-container\">\n\t\t\t\t\t\t\t\t\t<h4>5. Links to other websites<\/h4><p>This website may contain links to other websites. The <span style=\"text-decoration: underline;\">Orama Green Solutions, Unipessoal, Lda.<\/span> does not control these websites and is not responsible for their content.<\/p>\t\t\t\t\t\t\t\t<\/div>\n\t\t\t\t<\/div>\n\t\t\t\t<div class=\"elementor-element elementor-element-20412b3 elementor-widget elementor-widget-text-editor\" data-id=\"20412b3\" data-element_type=\"widget\" data-widget_type=\"text-editor.default\">\n\t\t\t\t<div class=\"elementor-widget-container\">\n\t\t\t\t\t\t\t\t\t<h4>6. Responsibility<\/h4><p>The <span style=\"text-decoration: underline;\">Orama Green Solutions, Unipessoal, Lda.<\/span> shall not be liable for any direct, indirect, special, incidental or consequential damages arising out of the use of this website, whether in contract, tort or otherwise, even if the <span style=\"text-decoration: underline;\">Orama Green Solutions, Unipessoal, Lda.<\/span> tenha sido avisada da possibilidade de tais danos.<\/p>\t\t\t\t\t\t\t\t<\/div>\n\t\t\t\t<\/div>\n\t\t\t\t<div class=\"elementor-element elementor-element-41f020b elementor-widget elementor-widget-text-editor\" data-id=\"41f020b\" data-element_type=\"widget\" data-widget_type=\"text-editor.default\">\n\t\t\t\t<div class=\"elementor-widget-container\">\n\t\t\t\t\t\t\t\t\t<h4>7. Acordo Integral<\/h4><p>Estes Termos e Condi\u00e7\u00f5es constituem o acordo integral entre si e a <span style=\"text-decoration: underline;\">Orama Green Solutions, Unipessoal, Lda.<\/span> no que diz respeito ao uso deste website e substituem todas as comunica\u00e7\u00f5es, representa\u00e7\u00f5es ou acordos anteriores ou contempor\u00e2neos, quer orais ou escritos.<\/p>\t\t\t\t\t\t\t\t<\/div>\n\t\t\t\t<\/div>\n\t\t\t\t<div class=\"elementor-element elementor-element-c999fb7 elementor-widget elementor-widget-text-editor\" data-id=\"c999fb7\" data-element_type=\"widget\" data-widget_type=\"text-editor.default\">\n\t\t\t\t<div class=\"elementor-widget-container\">\n\t\t\t\t\t\t\t\t\t<h4>8. Applicable Law<\/h4><p>These Terms and Conditions shall be governed by and construed in accordance with the laws of Portugal. Any dispute arising out of or in connection with these Terms and Conditions shall be subject to the exclusive jurisdiction of the courts of Portugal.<\/p>\t\t\t\t\t\t\t\t<\/div>\n\t\t\t\t<\/div>\n\t\t\t\t\t<\/div>\n\t\t\t\t<\/div>\n\t\t\t\t<\/div>","protected":false},"excerpt":{"rendered":"<p>1. Introdu\u00e7\u00e3o Este website \u00e9 propriedade e \u00e9 operado pela Orama Green Solutions, Unipessoal, Lda., uma empresa constitu\u00edda em Portugal, com sede registada em R. do Pinheiral 93, 4625-357 Penha Longa, Marco de Canaveses, Portugal, NIF 516590570. AMI 22941. Ao aceder ou utilizar este website, concorda em ficar vinculado a estes Termos e Condi\u00e7\u00f5es. Se [&hellip;]<\/p>","protected":false},"author":1,"featured_media":0,"parent":0,"menu_order":0,"comment_status":"closed","ping_status":"closed","template":"template\/template-page.php","meta":{"footnotes":""},"class_list":["post-17751","page","type-page","status-publish","hentry"],"yoast_head":"<!-- This site is optimized with the Yoast SEO plugin v25.2 - https:\/\/yoast.com\/wordpress\/plugins\/seo\/ -->\n<title>Termos e Condi\u00e7\u00f5es - ORAMA<\/title>\n<meta name=\"robots\" content=\"index, follow, max-snippet:-1, max-image-preview:large, max-video-preview:-1\" \/>\n<link rel=\"canonical\" href=\"https:\/\/oramags.pt\/en\/termos-e-condicoes\/\" \/>\n<meta property=\"og:locale\" content=\"en_GB\" \/>\n<meta property=\"og:type\" content=\"article\" \/>\n<meta property=\"og:title\" content=\"Termos e Condi\u00e7\u00f5es - ORAMA\" \/>\n<meta property=\"og:description\" content=\"1. Introdu\u00e7\u00e3o Este website \u00e9 propriedade e \u00e9 operado pela Orama Green Solutions, Unipessoal, Lda., uma empresa constitu\u00edda em Portugal, com sede registada em R. do Pinheiral 93, 4625-357 Penha Longa, Marco de Canaveses, Portugal, NIF 516590570. AMI 22941. Ao aceder ou utilizar este website, concorda em ficar vinculado a estes Termos e Condi\u00e7\u00f5es. Se [&hellip;]\" \/>\n<meta property=\"og:url\" content=\"https:\/\/oramags.pt\/en\/termos-e-condicoes\/\" \/>\n<meta property=\"og:site_name\" content=\"ORAMA\" \/>\n<meta property=\"article:modified_time\" content=\"2024-05-23T21:41:51+00:00\" \/>\n<meta name=\"twitter:card\" content=\"summary_large_image\" \/>\n<meta name=\"twitter:label1\" content=\"Estimated reading time\" \/>\n\t<meta name=\"twitter:data1\" content=\"2 minutes\" \/>\n<script type=\"application\/ld+json\" class=\"yoast-schema-graph\">{\"@context\":\"https:\/\/schema.org\",\"@graph\":[{\"@type\":\"WebPage\",\"@id\":\"https:\/\/oramags.pt\/termos-e-condicoes\/\",\"url\":\"https:\/\/oramags.pt\/termos-e-condicoes\/\",\"name\":\"Termos e Condi\u00e7\u00f5es - ORAMA\",\"isPartOf\":{\"@id\":\"https:\/\/oramags.pt\/#website\"},\"datePublished\":\"2024-04-28T14:48:54+00:00\",\"dateModified\":\"2024-05-23T21:41:51+00:00\",\"breadcrumb\":{\"@id\":\"https:\/\/oramags.pt\/termos-e-condicoes\/#breadcrumb\"},\"inLanguage\":\"en-GB\",\"potentialAction\":[{\"@type\":\"ReadAction\",\"target\":[\"https:\/\/oramags.pt\/termos-e-condicoes\/\"]}]},{\"@type\":\"BreadcrumbList\",\"@id\":\"https:\/\/oramags.pt\/termos-e-condicoes\/#breadcrumb\",\"itemListElement\":[{\"@type\":\"ListItem\",\"position\":1,\"name\":\"In\u00edcio\",\"item\":\"https:\/\/oramags.pt\/\"},{\"@type\":\"ListItem\",\"position\":2,\"name\":\"Termos e Condi\u00e7\u00f5es\"}]},{\"@type\":\"WebSite\",\"@id\":\"https:\/\/oramags.pt\/#website\",\"url\":\"https:\/\/oramags.pt\/\",\"name\":\"ORAMA \u2013 Green Real Estate & Consulting\",\"description\":\"ORAMA \u2013 Green Real Estate &amp; Consulting \u00e9 o seu parceiro de confian\u00e7a para uma transi\u00e7\u00e3o suave para as deslumbrantes paisagens rurais de Portugal.\",\"publisher\":{\"@id\":\"https:\/\/oramags.pt\/#organization\"},\"potentialAction\":[{\"@type\":\"SearchAction\",\"target\":{\"@type\":\"EntryPoint\",\"urlTemplate\":\"https:\/\/oramags.pt\/?s={search_term_string}\"},\"query-input\":{\"@type\":\"PropertyValueSpecification\",\"valueRequired\":true,\"valueName\":\"search_term_string\"}}],\"inLanguage\":\"en-GB\"},{\"@type\":\"Organization\",\"@id\":\"https:\/\/oramags.pt\/#organization\",\"name\":\"Orama Green Solutions, Unipessoal, Lda\",\"url\":\"https:\/\/oramags.pt\/\",\"logo\":{\"@type\":\"ImageObject\",\"inLanguage\":\"en-GB\",\"@id\":\"https:\/\/oramags.pt\/#\/schema\/logo\/image\/\",\"url\":\"https:\/\/oramags.pt\/wp-content\/uploads\/2016\/02\/Logotipo_ORAMA-GreenRealEstateConsulting.png\",\"contentUrl\":\"https:\/\/oramags.pt\/wp-content\/uploads\/2016\/02\/Logotipo_ORAMA-GreenRealEstateConsulting.png\",\"width\":500,\"height\":500,\"caption\":\"Orama Green Solutions, Unipessoal, Lda\"},\"image\":{\"@id\":\"https:\/\/oramags.pt\/#\/schema\/logo\/image\/\"},\"sameAs\":[\"https:\/\/www.youtube.com\/@ORAMAGREENREALESTATE\"]}]}<\/script>\n<!-- \/ Yoast SEO plugin. -->","yoast_head_json":{"title":"Termos e Condi\u00e7\u00f5es - ORAMA","robots":{"index":"index","follow":"follow","max-snippet":"max-snippet:-1","max-image-preview":"max-image-preview:large","max-video-preview":"max-video-preview:-1"},"canonical":"https:\/\/oramags.pt\/en\/termos-e-condicoes\/","og_locale":"en_GB","og_type":"article","og_title":"Termos e Condi\u00e7\u00f5es - ORAMA","og_description":"1. Introdu\u00e7\u00e3o Este website \u00e9 propriedade e \u00e9 operado pela Orama Green Solutions, Unipessoal, Lda., uma empresa constitu\u00edda em Portugal, com sede registada em R. do Pinheiral 93, 4625-357 Penha Longa, Marco de Canaveses, Portugal, NIF 516590570. AMI 22941. Ao aceder ou utilizar este website, concorda em ficar vinculado a estes Termos e Condi\u00e7\u00f5es. Se [&hellip;]","og_url":"https:\/\/oramags.pt\/en\/termos-e-condicoes\/","og_site_name":"ORAMA","article_modified_time":"2024-05-23T21:41:51+00:00","twitter_card":"summary_large_image","twitter_misc":{"Estimated reading time":"2 minutes"},"schema":{"@context":"https:\/\/schema.org","@graph":[{"@type":"WebPage","@id":"https:\/\/oramags.pt\/termos-e-condicoes\/","url":"https:\/\/oramags.pt\/termos-e-condicoes\/","name":"Termos e Condi\u00e7\u00f5es - ORAMA","isPartOf":{"@id":"https:\/\/oramags.pt\/#website"},"datePublished":"2024-04-28T14:48:54+00:00","dateModified":"2024-05-23T21:41:51+00:00","breadcrumb":{"@id":"https:\/\/oramags.pt\/termos-e-condicoes\/#breadcrumb"},"inLanguage":"en-GB","potentialAction":[{"@type":"ReadAction","target":["https:\/\/oramags.pt\/termos-e-condicoes\/"]}]},{"@type":"BreadcrumbList","@id":"https:\/\/oramags.pt\/termos-e-condicoes\/#breadcrumb","itemListElement":[{"@type":"ListItem","position":1,"name":"In\u00edcio","item":"https:\/\/oramags.pt\/"},{"@type":"ListItem","position":2,"name":"Termos e Condi\u00e7\u00f5es"}]},{"@type":"WebSite","@id":"https:\/\/oramags.pt\/#website","url":"https:\/\/oramags.pt\/","name":"ORAMA \u2013 Green Real Estate & Consulting","description":"ORAMA \u2013 Green Real Estate &amp; Consulting \u00e9 o seu parceiro de confian\u00e7a para uma transi\u00e7\u00e3o suave para as deslumbrantes paisagens rurais de Portugal.","publisher":{"@id":"https:\/\/oramags.pt\/#organization"},"potentialAction":[{"@type":"SearchAction","target":{"@type":"EntryPoint","urlTemplate":"https:\/\/oramags.pt\/?s={search_term_string}"},"query-input":{"@type":"PropertyValueSpecification","valueRequired":true,"valueName":"search_term_string"}}],"inLanguage":"en-GB"},{"@type":"Organization","@id":"https:\/\/oramags.pt\/#organization","name":"Orama Green Solutions, Unipessoal, Lda","url":"https:\/\/oramags.pt\/","logo":{"@type":"ImageObject","inLanguage":"en-GB","@id":"https:\/\/oramags.pt\/#\/schema\/logo\/image\/","url":"https:\/\/oramags.pt\/wp-content\/uploads\/2016\/02\/Logotipo_ORAMA-GreenRealEstateConsulting.png","contentUrl":"https:\/\/oramags.pt\/wp-content\/uploads\/2016\/02\/Logotipo_ORAMA-GreenRealEstateConsulting.png","width":500,"height":500,"caption":"Orama Green Solutions, Unipessoal, Lda"},"image":{"@id":"https:\/\/oramags.pt\/#\/schema\/logo\/image\/"},"sameAs":["https:\/\/www.youtube.com\/@ORAMAGREENREALESTATE"]}]}},"_links":{"self":[{"href":"https:\/\/oramags.pt\/en\/wp-json\/wp\/v2\/pages\/17751","targetHints":{"allow":["GET"]}}],"collection":[{"href":"https:\/\/oramags.pt\/en\/wp-json\/wp\/v2\/pages"}],"about":[{"href":"https:\/\/oramags.pt\/en\/wp-json\/wp\/v2\/types\/page"}],"author":[{"embeddable":true,"href":"https:\/\/oramags.pt\/en\/wp-json\/wp\/v2\/users\/1"}],"replies":[{"embeddable":true,"href":"https:\/\/oramags.pt\/en\/wp-json\/wp\/v2\/comments?post=17751"}],"version-history":[{"count":0,"href":"https:\/\/oramags.pt\/en\/wp-json\/wp\/v2\/pages\/17751\/revisions"}],"wp:attachment":[{"href":"https:\/\/oramags.pt\/en\/wp-json\/wp\/v2\/media?parent=17751"}],"curies":[{"name":"wp","href":"https:\/\/api.w.org\/{rel}","templated":true}]}}