{"id":748,"date":"2016-03-10T18:52:12","date_gmt":"2016-03-10T18:52:12","guid":{"rendered":"https:\/\/default.houzez.co\/?page_id=748"},"modified":"2024-05-29T11:47:01","modified_gmt":"2024-05-29T11:47:01","slug":"politica-privacidade","status":"publish","type":"page","link":"https:\/\/oramags.pt\/en\/politica-privacidade\/","title":{"rendered":"Privacy Policy"},"content":{"rendered":"<div data-elementor-type=\"wp-page\" data-elementor-id=\"748\" class=\"elementor elementor-748\">\n\t\t\t\t<div class=\"elementor-element elementor-element-2a936a85 e-flex e-con-boxed e-con e-parent\" data-id=\"2a936a85\" data-element_type=\"container\">\n\t\t\t\t\t<div class=\"e-con-inner\">\n\t\t\t\t<div class=\"elementor-element elementor-element-4dd0f9d elementor-widget elementor-widget-text-editor\" data-id=\"4dd0f9d\" data-element_type=\"widget\" data-widget_type=\"text-editor.default\">\n\t\t\t\t<div class=\"elementor-widget-container\">\n\t\t\t\t\t\t\t\t\t<p>The personal data collected on this website is processed in accordance with the General Data Protection Regulation (GDPR) and other legislation applicable to the protection of personal data, such as Law no. 58\/2019 of 8 August.<\/p><p>In accordance with Articles 13 and 14 of the GDPR, this Privacy Policy describes how we treat the personal data we receive when you browse our platform, when you register to receive our news or when you contact us using the contact form, by email, telephone or post, as well as what your rights are in relation to personal data and how you can exercise them.<\/p>\t\t\t\t\t\t\t\t<\/div>\n\t\t\t\t<\/div>\n\t\t\t\t<div class=\"elementor-element elementor-element-e79dc6e elementor-widget elementor-widget-text-editor\" data-id=\"e79dc6e\" data-element_type=\"widget\" data-widget_type=\"text-editor.default\">\n\t\t\t\t<div class=\"elementor-widget-container\">\n\t\t\t\t\t\t\t\t\t<h4>1. GENERAL INFORMATION<\/h4><p><strong>1.1. DATA CONTROLLER<\/strong> <br \/>According to Article 4(7) of the GDPR, the person responsible for processing your personal data is:<\/p><p><span style=\"text-decoration: underline;\">Orama Green Solutions, Unipessoal, Lda.<\/span> R. do Pinheiral 93, 4625-357 Penha Longa, Marco de Canaveses, Portugal<br \/><strong>Phone<\/strong>: <a href=\"tel: 351221215707\">+351 221 215 707 *<\/a><br \/><strong>Email<\/strong>: <a href=\"mailto:info@oramags.pt\">info@oramags.pt<\/a><\/p><p><strong>1.2. ENCARRAGADO DE PROTE\u00c7\u00c3O DE DADOS<\/strong> <br \/>In accordance with Article 37(1)(a) of the GDPR, Order no. 2602\/2021 appointed the Data Protection Officer of the Secretary-General for the Economy, who in turn ensures the centralised provision of common services to the integrated services of the Ministry of the Economy and Digital Transition.<\/p><p>The designated Data Protection Officer, as described above, is available through the following contacts:<\/p><p>R. do Pinheiral 93, 4625-357 Penha Longa, Marco de Canaveses, Portugal<br \/><strong>Phone<\/strong>: <a href=\"tel: 351221215707\">+351 221 215 707 *<\/a><br \/><strong>Email<\/strong>: <a href=\"mailto:info@oramags.pt\">info@oramags.pt<\/a><\/p><p><strong>1.3. PERSONAL DATA <\/strong><br \/>\"Personal data\" means any information relating to an identified or identifiable natural person. An identifiable natural person is one who can be identified, directly or indirectly, in particular by reference to an identifier such as a name, an identification number, location data, electronic identifiers or to one or more factors specific to the physical, physiological, genetic, mental, economic, cultural or social identity of that natural person (Article 4(1) of the GDPR).<\/p><p><strong>1.4. LEGAL BASIS FOR TREATMENT<\/strong> <br \/>Your personal data is processed in accordance with the following provisions of the GDPR: Article 6(1)(a), in cases where the data subject has given their consent; Article 6(1)(b), if the processing is necessary for the performance of a contract or for pre-contractual measures at the request of the data subject; Article 6(1)(c), if the processing is necessary to fulfil a legal obligation; Article 6(1)(d), if the processing is necessary to protect the interests of the data subject. Article 6(1)(c) if processing is necessary to fulfil a legal obligation to which the Digital Portugal Mission Structure is subject; Article 6(1)(d) if processing is necessary to protect the vital interests of the data subject or another natural person; Article 6(1)(e) if processing is necessary for the performance of a task carried out in the public interest or in the exercise of official authority by the controller.<\/p>\t\t\t\t\t\t\t\t<\/div>\n\t\t\t\t<\/div>\n\t\t\t\t<div class=\"elementor-element elementor-element-66b9ba1 elementor-widget elementor-widget-text-editor\" data-id=\"66b9ba1\" data-element_type=\"widget\" data-widget_type=\"text-editor.default\">\n\t\t\t\t<div class=\"elementor-widget-container\">\n\t\t\t\t\t\t\t\t\t<h4>2. DATA PROCESSED WHEN YOU VISIT THIS SITE<\/h4><p><strong>2.1 DATA COLLECTION<\/strong><\/p><p>Whenever a user accesses this website, activity data is temporarily stored and processed in a file. The tracking tool used to analyse the use of this website is configured to ensure that no personal data is collected. Users' IP addresses are also anonymised, so it is not possible to track individual activity. However, if you do not wish your activity on the website to be recorded and analysed, you can activate the \"Do Not Track\" option in your browser. When you activate this option, your browser sends a message to our website informing you that you do not wish your activity to be tracked. The information collected by the tracking tool includes: access request (file name), date and time of the request; browser type and version; browser language; operating system of the device used to access the website; type, make and model of the device used; screen resolution used; plugins used (e.g. Flash, Java); original URL (page previously accessed by the user); IP address (anonymised); country and region from which the website is accessed; downloads; clicks; number of forms submitted.<\/p><p><strong>2.2 COOKIES<\/strong><\/p><p>This website uses cookies and other local data storage mechanisms (session or persistent) to provide a better and more personalised user experience for its visitors.<\/p><p><strong>What are cookies?<\/strong> <br \/>Cookies (or \"connection tokens\") consist of small pieces of data that a website stores in your browser and are sent to the website with each request. They can be: first-party cookies: stored by the website you are visiting and sent only to this website; third-party cookies: websites can use external services that can also direct your browser to store their cookies. Depending on their durability, they can be: persistent cookies: they are stored on your device and are not automatically deleted when you close your browser, having a variable validity period depending on the cookie; session cookies: they are deleted when you close your browser.<\/p><p><strong>What are the other local storage mechanisms?<\/strong> <br \/>Persistent local storage (long-term) and session local storage (persists until you close your browser) are mechanisms that allow you to store small amounts of data in your browser for use on the website without this data being automatically sent to the server with each request.<\/p><p><strong>Why use cookies and other mechanisms?<br \/><\/strong> The aim is to allow the site to remember your preferences (user session, language, etc.) over a period of time. This way, you don't have to indicate them again while browsing the site during your visit. They can also be used to collect statistical data on the browsing experience on our website.<\/p><p><strong>What types of cookies and other local storage mechanisms do we use?<br \/><\/strong> This website mainly uses first-party cookies. However, for statistical purposes and for some embedded content (videos, maps, among others), it uses systems originating from external organisations which may store cookies and other local data storage mechanisms. In order to manage your usage options, they are grouped into three categories: Necessary: these are essential for the website to function. This category includes only what is necessary to guarantee basic functionalities and security features of the website. Performance and analysis (statistics): these are limited to evaluating how you interact with our website as an anonymous user (the data collected does not identify you). It is used to help us understand how we can improve the services we provide to visitors. However, you can refuse cookies and other local storage mechanisms in this category. Third-party content: some pages of the website may contain, embedded in the page, video playback systems, maps and other third-party content (YouTube videos, Vimeo videos, Google Maps, among others). As this content comes from third parties, even if some of them do not place cookies or other local storage mechanisms, as is the case with several of these systems, it cannot be guaranteed that this situation will not change in the future. You can therefore refuse cookies and other local storage mechanisms in this category.<\/p><p><strong>How do you manage your options for using these mechanisms?<\/strong> <br \/>When you access this site for the first time, you are asked to indicate your preferences regarding the use of cookies and other local data storage mechanisms. You can accept the three categories described, or you can set your preferences differently. When managing preferences, you are provided with more specific information about those mechanisms that can be stored in your browser. In the case of the categories \"Performance and analysis (statistics)\" and \"Third-party content\", you will be asked for your express consent to their use. Your usage preferences will be valid for 180 days from your last visit, but you can change your consent at any time by accessing the Settings. If changes are made to this website that include modifying the set of cookies and other local storage mechanisms used, you will again be asked to set your usage preferences.<\/p><p>Utilizamos a ferramenta de gest&atilde;o do consentimento &ldquo;Real Cookie Banner&rdquo; para gerir os cookies e tecnologias similares (p&iacute;xeis de rastreamento, web beacons, etc.) utilizados neste site, bem como o consentimento para o tratamento dos dados relacionados. &Eacute; poss&iacute;vel consultar mais informa&ccedil;&otilde;es sobre o funcionamento de &ldquo;Real Cookie Banner&rdquo; em &lt;a href=&quot;\/en\/&rdquo;https:\/\/devowl.io\/rcb\/data-processing\/&rdquo;\/&quot; rel=&quot;&rdquo;noreferrer&rdquo;&quot; target=&quot;&rdquo;_blank&rdquo;&quot;&gt;https:\/\/devowl.io\/rcb\/data-processing\/&lt;\/a&gt;.<\/p><p>O tratamento de dados pessoais realizado neste contexto tem o seu fundamento jur\u00eddico nas al\u00edneas c) e f) do Art. 6\u00ba (1) do RGPD. O nosso interesse leg\u00edtimo para o tratamento reside na necessidade de gerir os cookies e tecnologias similares utilizadas, bem como o consentimento relacionado.<\/p><p>O fornecimento de dados pessoais n\u00e3o \u00e9 exigido contratualmente nem necess\u00e1rio para a celebra\u00e7\u00e3o de um contrato. N\u00e3o \u00e9, portanto, obrigat\u00f3rio ao utilizador do nosso site fornecer os seus dados pessoais. Todavia, se n\u00e3o autorizar a recolha e tratamento destes dados, n\u00e3o nos ser\u00e1 poss\u00edvel realizar a gest\u00e3o do seu consentimento.<\/p>\t\t\t\t\t\t\t\t<\/div>\n\t\t\t\t<\/div>\n\t\t\t\t<div class=\"elementor-element elementor-element-3f053f5 elementor-widget elementor-widget-text-editor\" data-id=\"3f053f5\" data-element_type=\"widget\" data-widget_type=\"text-editor.default\">\n\t\t\t\t<div class=\"elementor-widget-container\">\n\t\t\t\t\t\t\t\t\t<h4>3. DATA PROCESSED WHEN YOU VISIT THIS SITE<\/h4><p>When you contact us, your data and the information you provide are processed so that we can contact you and respond to your enquiry. This data will be processed and stored in accordance with the GDPR for a period of three years. If your request does not fall within the scope of our competences and responsibilities, it may be forwarded to the competent authorities without your prior consent, in accordance with the provisions of the GDPR, provided that it is legitimate to assume that the forwarding of the matter safeguards your interests and that no sensitive personal data will be included (Article 6(1)(e) of the GDPR).<\/p>\t\t\t\t\t\t\t\t<\/div>\n\t\t\t\t<\/div>\n\t\t\t\t<div class=\"elementor-element elementor-element-24ab79d elementor-widget elementor-widget-text-editor\" data-id=\"24ab79d\" data-element_type=\"widget\" data-widget_type=\"text-editor.default\">\n\t\t\t\t<div class=\"elementor-widget-container\">\n\t\t\t\t\t\t\t\t\t<h4>4. YOUR RIGHTS<\/h4><p><strong>4.1. IN YOUR RELATIONSHIP WITH US AND AS THE DATA SUBJECT, YOU HAVE THE FOLLOWING RIGHTS UNDER THE TERMS OF THE GDPR <\/strong><\/p><p>Right of access, article 15; Right to rectification, article 16; Right to erasure of data (\"right to be forgotten\"), article 17; Right to restriction of processing, article 18; Right to data portability, article 20; Right to object, article 21.<\/p><p><span style=\"text-decoration: underline;\"><strong>Note:<\/strong><\/span> The right to automated individual decision-making, including profiling (Article 22), does not apply here. If the processing of your personal data is justified by your consent, you have the right to withdraw that consent unconditionally at any time. Withdrawal of this consent does not jeopardise the lawfulness of the processing carried out on the basis of the consent previously given (Article 7(3) of the GDPR). If your request does not fall within the scope of our competences and responsibilities, it may be referred to the competent authorities without your prior consent, in accordance with the provisions of the GDPR, provided that it is legitimate to assume that the referral of the matter safeguards your interests and that no sensitive personal data will be included (Article 6(1)(e) of the GDPR). To exercise any of the rights mentioned above, you should send a written request to the following contact details:<\/p><p><span style=\"text-decoration: underline;\">Orama Green Solutions, Unipessoal, Lda.<\/span> R. do Pinheiral 93, 4625-357 Penha Longa, Marco de Canaveses, Portugal<br \/><strong>Phone<\/strong>: <a href=\"tel: 351221215707\">+351 221 215 707 *<\/a><br \/><strong>Email<\/strong>: <a href=\"mailto:info@oramags.pt\">info@oramags.pt<\/a><\/p><p><strong>4.2 CONTACT REQUEST FORMS<\/strong><\/p><p>The purpose of the contact request forms available on this website is to register the user's interest in being contacted by <span style=\"text-decoration: underline;\">Orama Green Solutions, Unipessoal, Lda.<\/span> The data collection form includes the fields \"Name\" and \"Email\"; both are relevant to the purpose of the service. Specifically: \"Name\" - To differentiate between different users; \"Email\" - To confirm the user's email address and allow them to receive related communications. The processing of any data collected for the purpose of subscribing to newsletters is covered by current personal data protection legislation, namely Regulation (EU) 2016\/679 of the European Parliament and of the Council of 27 April 2016 on the protection of natural persons with regard to the processing of personal data and on the free movement of such data (General Data Protection Regulation - GDPR); Portugal Digital guarantees that any personal data collected is processed in accordance with the GDPR. The veracity, accuracy and timeliness of the data and information provided by the user is entirely and exclusively their responsibility. By accepting this Privacy Policy, you declare that the data you have provided is true, accurate and current. The data collected when you register your interest will be processed by <span style=\"text-decoration: underline;\">Orama Green Solutions, Unipessoal, Lda. <\/span>through a platform and will be stored during the maintenance period of the registration form. You can email us at \u00a0<a href=\"mailto:info@oramags.pt\">info@oramags.pt<\/a>\u00a0indicating your intention to cancel, access, modify and delete the data provided, as detailed above.<\/p><p><strong>4.3 COMPLAINTS<\/strong><\/p><p>If you consider that the processing of your personal data constitutes a violation of the GDPR, you have the right to lodge a complaint with a supervisory authority (Article 77, GDPR). The national supervisory authority for the purposes of the GDPR is:<\/p><p><span style=\"text-decoration: underline;\">Orama Green Solutions, Unipessoal, Lda.<\/span> NIPC: 516590570 &#8211; R. do Pinheiral 93, 4625-357 Penha Longa, Marco de Canaveses, Portugal<br \/><strong>Phone<\/strong>: <a href=\"tel: 351221215707\">+351 221 215 707 *<\/a><br \/><strong>Email<\/strong>: <a href=\"mailto:info@oramags.pt\">info@oramags.pt<\/a><\/p>\t\t\t\t\t\t\t\t<\/div>\n\t\t\t\t<\/div>\n\t\t\t\t\t<\/div>\n\t\t\t\t<\/div>\n\t\t\t\t<\/div>","protected":false},"excerpt":{"rendered":"<p>Os dados pessoais recolhidos neste website s\u00e3o tratados de acordo com o Regulamento Geral de Prote\u00e7\u00e3o de Dados (RGPD) e outras legisla\u00e7\u00f5es aplic\u00e1veis \u00e0 prote\u00e7\u00e3o de dados pessoais, como a Lei n.\u00ba 58\/2019, de 8 de agosto. De acordo com os Artigos 13 e 14 do RGPD, esta Pol\u00edtica de Privacidade descreve como tratamos os [&hellip;]<\/p>","protected":false},"author":1,"featured_media":0,"parent":0,"menu_order":0,"comment_status":"closed","ping_status":"closed","template":"template\/template-page.php","meta":{"footnotes":""},"class_list":["post-748","page","type-page","status-publish","hentry"],"yoast_head":"<!-- This site is optimized with the Yoast SEO plugin v25.2 - https:\/\/yoast.com\/wordpress\/plugins\/seo\/ -->\n<title>Pol\u00edtica de Privacidade - ORAMA<\/title>\n<meta name=\"robots\" content=\"index, follow, max-snippet:-1, max-image-preview:large, max-video-preview:-1\" \/>\n<link rel=\"canonical\" href=\"https:\/\/oramags.pt\/en\/politica-privacidade\/\" \/>\n<meta property=\"og:locale\" content=\"en_GB\" \/>\n<meta property=\"og:type\" content=\"article\" \/>\n<meta property=\"og:title\" content=\"Pol\u00edtica de Privacidade - ORAMA\" \/>\n<meta property=\"og:description\" content=\"Os dados pessoais recolhidos neste website s\u00e3o tratados de acordo com o Regulamento Geral de Prote\u00e7\u00e3o de Dados (RGPD) e outras legisla\u00e7\u00f5es aplic\u00e1veis \u00e0 prote\u00e7\u00e3o de dados pessoais, como a Lei n.\u00ba 58\/2019, de 8 de agosto. De acordo com os Artigos 13 e 14 do RGPD, esta Pol\u00edtica de Privacidade descreve como tratamos os [&hellip;]\" \/>\n<meta property=\"og:url\" content=\"https:\/\/oramags.pt\/en\/politica-privacidade\/\" \/>\n<meta property=\"og:site_name\" content=\"ORAMA\" \/>\n<meta property=\"article:modified_time\" content=\"2024-05-29T11:47:01+00:00\" \/>\n<meta name=\"twitter:card\" content=\"summary_large_image\" \/>\n<meta name=\"twitter:label1\" content=\"Estimated reading time\" \/>\n\t<meta name=\"twitter:data1\" content=\"12 minutes\" \/>\n<script type=\"application\/ld+json\" class=\"yoast-schema-graph\">{\"@context\":\"https:\/\/schema.org\",\"@graph\":[{\"@type\":\"WebPage\",\"@id\":\"https:\/\/oramags.pt\/politica-privacidade\/\",\"url\":\"https:\/\/oramags.pt\/politica-privacidade\/\",\"name\":\"Pol\u00edtica de Privacidade - ORAMA\",\"isPartOf\":{\"@id\":\"https:\/\/oramags.pt\/#website\"},\"datePublished\":\"2016-03-10T18:52:12+00:00\",\"dateModified\":\"2024-05-29T11:47:01+00:00\",\"breadcrumb\":{\"@id\":\"https:\/\/oramags.pt\/politica-privacidade\/#breadcrumb\"},\"inLanguage\":\"en-GB\",\"potentialAction\":[{\"@type\":\"ReadAction\",\"target\":[\"https:\/\/oramags.pt\/politica-privacidade\/\"]}]},{\"@type\":\"BreadcrumbList\",\"@id\":\"https:\/\/oramags.pt\/politica-privacidade\/#breadcrumb\",\"itemListElement\":[{\"@type\":\"ListItem\",\"position\":1,\"name\":\"In\u00edcio\",\"item\":\"https:\/\/oramags.pt\/\"},{\"@type\":\"ListItem\",\"position\":2,\"name\":\"Pol\u00edtica de Privacidade\"}]},{\"@type\":\"WebSite\",\"@id\":\"https:\/\/oramags.pt\/#website\",\"url\":\"https:\/\/oramags.pt\/\",\"name\":\"ORAMA \u2013 Green Real Estate & Consulting\",\"description\":\"ORAMA \u2013 Green Real Estate &amp; Consulting \u00e9 o seu parceiro de confian\u00e7a para uma transi\u00e7\u00e3o suave para as deslumbrantes paisagens rurais de Portugal.\",\"publisher\":{\"@id\":\"https:\/\/oramags.pt\/#organization\"},\"potentialAction\":[{\"@type\":\"SearchAction\",\"target\":{\"@type\":\"EntryPoint\",\"urlTemplate\":\"https:\/\/oramags.pt\/?s={search_term_string}\"},\"query-input\":{\"@type\":\"PropertyValueSpecification\",\"valueRequired\":true,\"valueName\":\"search_term_string\"}}],\"inLanguage\":\"en-GB\"},{\"@type\":\"Organization\",\"@id\":\"https:\/\/oramags.pt\/#organization\",\"name\":\"Orama Green Solutions, Unipessoal, Lda\",\"url\":\"https:\/\/oramags.pt\/\",\"logo\":{\"@type\":\"ImageObject\",\"inLanguage\":\"en-GB\",\"@id\":\"https:\/\/oramags.pt\/#\/schema\/logo\/image\/\",\"url\":\"https:\/\/oramags.pt\/wp-content\/uploads\/2016\/02\/Logotipo_ORAMA-GreenRealEstateConsulting.png\",\"contentUrl\":\"https:\/\/oramags.pt\/wp-content\/uploads\/2016\/02\/Logotipo_ORAMA-GreenRealEstateConsulting.png\",\"width\":500,\"height\":500,\"caption\":\"Orama Green Solutions, Unipessoal, Lda\"},\"image\":{\"@id\":\"https:\/\/oramags.pt\/#\/schema\/logo\/image\/\"},\"sameAs\":[\"https:\/\/www.youtube.com\/@ORAMAGREENREALESTATE\"]}]}<\/script>\n<!-- \/ Yoast SEO plugin. -->","yoast_head_json":{"title":"Pol\u00edtica de Privacidade - ORAMA","robots":{"index":"index","follow":"follow","max-snippet":"max-snippet:-1","max-image-preview":"max-image-preview:large","max-video-preview":"max-video-preview:-1"},"canonical":"https:\/\/oramags.pt\/en\/politica-privacidade\/","og_locale":"en_GB","og_type":"article","og_title":"Pol\u00edtica de Privacidade - ORAMA","og_description":"Os dados pessoais recolhidos neste website s\u00e3o tratados de acordo com o Regulamento Geral de Prote\u00e7\u00e3o de Dados (RGPD) e outras legisla\u00e7\u00f5es aplic\u00e1veis \u00e0 prote\u00e7\u00e3o de dados pessoais, como a Lei n.\u00ba 58\/2019, de 8 de agosto. De acordo com os Artigos 13 e 14 do RGPD, esta Pol\u00edtica de Privacidade descreve como tratamos os [&hellip;]","og_url":"https:\/\/oramags.pt\/en\/politica-privacidade\/","og_site_name":"ORAMA","article_modified_time":"2024-05-29T11:47:01+00:00","twitter_card":"summary_large_image","twitter_misc":{"Estimated reading time":"12 minutes"},"schema":{"@context":"https:\/\/schema.org","@graph":[{"@type":"WebPage","@id":"https:\/\/oramags.pt\/politica-privacidade\/","url":"https:\/\/oramags.pt\/politica-privacidade\/","name":"Pol\u00edtica de Privacidade - ORAMA","isPartOf":{"@id":"https:\/\/oramags.pt\/#website"},"datePublished":"2016-03-10T18:52:12+00:00","dateModified":"2024-05-29T11:47:01+00:00","breadcrumb":{"@id":"https:\/\/oramags.pt\/politica-privacidade\/#breadcrumb"},"inLanguage":"en-GB","potentialAction":[{"@type":"ReadAction","target":["https:\/\/oramags.pt\/politica-privacidade\/"]}]},{"@type":"BreadcrumbList","@id":"https:\/\/oramags.pt\/politica-privacidade\/#breadcrumb","itemListElement":[{"@type":"ListItem","position":1,"name":"In\u00edcio","item":"https:\/\/oramags.pt\/"},{"@type":"ListItem","position":2,"name":"Pol\u00edtica de Privacidade"}]},{"@type":"WebSite","@id":"https:\/\/oramags.pt\/#website","url":"https:\/\/oramags.pt\/","name":"ORAMA \u2013 Green Real Estate & Consulting","description":"ORAMA \u2013 Green Real Estate &amp; Consulting \u00e9 o seu parceiro de confian\u00e7a para uma transi\u00e7\u00e3o suave para as deslumbrantes paisagens rurais de Portugal.","publisher":{"@id":"https:\/\/oramags.pt\/#organization"},"potentialAction":[{"@type":"SearchAction","target":{"@type":"EntryPoint","urlTemplate":"https:\/\/oramags.pt\/?s={search_term_string}"},"query-input":{"@type":"PropertyValueSpecification","valueRequired":true,"valueName":"search_term_string"}}],"inLanguage":"en-GB"},{"@type":"Organization","@id":"https:\/\/oramags.pt\/#organization","name":"Orama Green Solutions, Unipessoal, Lda","url":"https:\/\/oramags.pt\/","logo":{"@type":"ImageObject","inLanguage":"en-GB","@id":"https:\/\/oramags.pt\/#\/schema\/logo\/image\/","url":"https:\/\/oramags.pt\/wp-content\/uploads\/2016\/02\/Logotipo_ORAMA-GreenRealEstateConsulting.png","contentUrl":"https:\/\/oramags.pt\/wp-content\/uploads\/2016\/02\/Logotipo_ORAMA-GreenRealEstateConsulting.png","width":500,"height":500,"caption":"Orama Green Solutions, Unipessoal, Lda"},"image":{"@id":"https:\/\/oramags.pt\/#\/schema\/logo\/image\/"},"sameAs":["https:\/\/www.youtube.com\/@ORAMAGREENREALESTATE"]}]}},"_links":{"self":[{"href":"https:\/\/oramags.pt\/en\/wp-json\/wp\/v2\/pages\/748","targetHints":{"allow":["GET"]}}],"collection":[{"href":"https:\/\/oramags.pt\/en\/wp-json\/wp\/v2\/pages"}],"about":[{"href":"https:\/\/oramags.pt\/en\/wp-json\/wp\/v2\/types\/page"}],"author":[{"embeddable":true,"href":"https:\/\/oramags.pt\/en\/wp-json\/wp\/v2\/users\/1"}],"replies":[{"embeddable":true,"href":"https:\/\/oramags.pt\/en\/wp-json\/wp\/v2\/comments?post=748"}],"version-history":[{"count":0,"href":"https:\/\/oramags.pt\/en\/wp-json\/wp\/v2\/pages\/748\/revisions"}],"wp:attachment":[{"href":"https:\/\/oramags.pt\/en\/wp-json\/wp\/v2\/media?parent=748"}],"curies":[{"name":"wp","href":"https:\/\/api.w.org\/{rel}","templated":true}]}}