{"id":16650,"date":"2020-02-24T22:15:15","date_gmt":"2020-02-24T22:15:15","guid":{"rendered":"https:\/\/demo01.houzez.co\/?page_id=16650"},"modified":"2024-05-06T19:51:41","modified_gmt":"2024-05-06T19:51:41","slug":"quem-somos","status":"publish","type":"page","link":"https:\/\/oramags.pt\/fr\/quem-somos\/","title":{"rendered":"Qui nous sommes"},"content":{"rendered":"<div data-elementor-type=\"wp-page\" data-elementor-id=\"16650\" class=\"elementor elementor-16650\">\n\t\t\t\t\t\t<section class=\"elementor-section elementor-top-section elementor-element elementor-element-5b81e21 elementor-section-height-min-height animated-slow elementor-section-boxed elementor-section-height-default elementor-section-items-middle elementor-invisible\" data-id=\"5b81e21\" data-element_type=\"section\" data-settings=\"{&quot;background_background&quot;:&quot;classic&quot;,&quot;animation&quot;:&quot;fadeIn&quot;}\">\n\t\t\t\t\t\t\t<div class=\"elementor-background-overlay\"><\/div>\n\t\t\t\t\t\t\t<div class=\"elementor-container elementor-column-gap-default\">\n\t\t\t\t\t<div class=\"elementor-column elementor-col-100 elementor-top-column elementor-element elementor-element-ad367f8\" data-id=\"ad367f8\" data-element_type=\"column\">\n\t\t\t<div class=\"elementor-widget-wrap elementor-element-populated\">\n\t\t\t\t\t\t<div class=\"elementor-element elementor-element-0e7939f elementor-widget elementor-widget-heading\" data-id=\"0e7939f\" data-element_type=\"widget\" data-widget_type=\"heading.default\">\n\t\t\t\t<div class=\"elementor-widget-container\">\n\t\t\t\t\t<h1 class=\"elementor-heading-title elementor-size-default\">QUI NOUS SOMMES<\/h1>\t\t\t\t<\/div>\n\t\t\t\t<\/div>\n\t\t\t\t\t<\/div>\n\t\t<\/div>\n\t\t\t\t\t<\/div>\n\t\t<\/section>\n\t\t\t\t<section class=\"elementor-section elementor-top-section elementor-element elementor-element-7de1bca elementor-section-boxed elementor-section-height-default elementor-section-height-default\" data-id=\"7de1bca\" data-element_type=\"section\">\n\t\t\t\t\t\t<div class=\"elementor-container elementor-column-gap-default\">\n\t\t\t\t\t<div class=\"elementor-column elementor-col-100 elementor-top-column elementor-element elementor-element-b896568\" data-id=\"b896568\" data-element_type=\"column\">\n\t\t\t<div class=\"elementor-widget-wrap elementor-element-populated\">\n\t\t\t\t\t\t<div class=\"elementor-element elementor-element-de14f81 elementor-widget elementor-widget-spacer\" data-id=\"de14f81\" data-element_type=\"widget\" data-widget_type=\"spacer.default\">\n\t\t\t\t<div class=\"elementor-widget-container\">\n\t\t\t\t\t\t\t<div class=\"elementor-spacer\">\n\t\t\t<div class=\"elementor-spacer-inner\"><\/div>\n\t\t<\/div>\n\t\t\t\t\t\t<\/div>\n\t\t\t\t<\/div>\n\t\t\t\t<div class=\"elementor-element elementor-element-8c5c262 elementor-widget elementor-widget-text-editor\" data-id=\"8c5c262\" data-element_type=\"widget\" data-widget_type=\"text-editor.default\">\n\t\t\t\t<div class=\"elementor-widget-container\">\n\t\t\t\t\t\t\t\t\t<p><span style=\"color: #8b9a5d;\"><strong>ORAMA &#8211; Green Real Estate &amp; Consulting<\/strong><\/span> est votre partenaire de confiance pour une transition en douceur vers la magnifique campagne portugaise. Notre objectif est de simplifier votre d\u00e9m\u00e9nagement en offrant des solutions personnalis\u00e9es aux personnes qui d\u00e9m\u00e9nagent de l'\u00e9tranger ou des villes portugaises et qui souhaitent profiter du charme de la vie \u00e0 la campagne.<\/p><p>Notre \u00e9quipe de professionnels d\u00e9vou\u00e9s s'engage \u00e0 faciliter votre transition, en s'appuyant sur une riche exp\u00e9rience dans divers domaines. En tant qu'entreprise familiale dirig\u00e9e par des r\u00e9sidents locaux ayant v\u00e9cu \u00e0 l'\u00e9tranger (Am\u00e9rique du Nord, Europe, Afrique et Am\u00e9rique du Sud), nous sommes fiers de notre r\u00f4le de solutionneurs de probl\u00e8mes, travaillant sans rel\u00e2che pour faire en sorte que votre d\u00e9m\u00e9nagement se d\u00e9roule sans stress.<\/p><p>Qu'il s'agisse de trouver la propri\u00e9t\u00e9 rurale id\u00e9ale, d'adopter des pratiques de vie durables ou de r\u00e9gler des questions juridiques, nous sommes l\u00e0 pour vous aider \u00e0 chaque \u00e9tape. \u00c0 l'adresse <span style=\"color: #8b9a5d;\"><strong>ORAMA<\/strong><\/span>, nous offrons plus que des services ; nous offrons la tranquillit\u00e9, vous permettant de vous immerger totalement dans le cadre rural serein du Portugal.<\/p>\t\t\t\t\t\t\t\t<\/div>\n\t\t\t\t<\/div>\n\t\t\t\t<div class=\"elementor-element elementor-element-89a95a6 elementor-widget elementor-widget-spacer\" data-id=\"89a95a6\" data-element_type=\"widget\" data-widget_type=\"spacer.default\">\n\t\t\t\t<div class=\"elementor-widget-container\">\n\t\t\t\t\t\t\t<div class=\"elementor-spacer\">\n\t\t\t<div class=\"elementor-spacer-inner\"><\/div>\n\t\t<\/div>\n\t\t\t\t\t\t<\/div>\n\t\t\t\t<\/div>\n\t\t\t\t<section class=\"elementor-section elementor-inner-section elementor-element elementor-element-c154b4e elementor-section-boxed elementor-section-height-default elementor-section-height-default\" data-id=\"c154b4e\" data-element_type=\"section\">\n\t\t\t\t\t\t<div class=\"elementor-container elementor-column-gap-default\">\n\t\t\t\t\t<div class=\"elementor-column elementor-col-50 elementor-inner-column elementor-element elementor-element-9046af7\" data-id=\"9046af7\" data-element_type=\"column\">\n\t\t\t<div class=\"elementor-widget-wrap elementor-element-populated\">\n\t\t\t\t\t\t<div class=\"elementor-element elementor-element-a4dea21 animated-slow elementor-invisible elementor-widget elementor-widget-houzez_elementor_section_title\" data-id=\"a4dea21\" data-element_type=\"widget\" data-settings=\"{&quot;_animation&quot;:&quot;fadeIn&quot;}\" data-widget_type=\"houzez_elementor_section_title.default\">\n\t\t\t\t<div class=\"elementor-widget-container\">\n\t\t\t\t\t            <div class=\"houzez_section_title_wrap section-title-module\">\n                                    <h2 class=\"houzez_section_title\">Vision<\/h2>\n                \n                            <\/div>\n            \t\t\t\t<\/div>\n\t\t\t\t<\/div>\n\t\t\t\t<div class=\"elementor-element elementor-element-5711cca elementor-widget elementor-widget-text-editor\" data-id=\"5711cca\" data-element_type=\"widget\" data-widget_type=\"text-editor.default\">\n\t\t\t\t<div class=\"elementor-widget-container\">\n\t\t\t\t\t\t\t\t\t<p><span style=\"color: #8b9a5d;\"><strong>ORAMA &#8211; Green Real Estate &amp; Consulting<\/strong><\/span> envisage un avenir harmonieux pour les expatri\u00e9s au Portugal, o\u00f9 la simplicit\u00e9 et la richesse de la vie rurale rencontrent une large gamme de services personnalis\u00e9s pour faciliter leur transition. Notre vision est de devenir le partenaire de confiance des expatri\u00e9s, en leur offrant des services immobiliers, des conseils et des services agricoles, des services juridiques et un soutien pour qu'ils adoptent un mode de vie durable dans un nouveau chapitre de leur vie au Portugal. Ensemble, nous transformerons votre voyage au Portugal en une exp\u00e9rience fluide et enrichissante.<\/p>\t\t\t\t\t\t\t\t<\/div>\n\t\t\t\t<\/div>\n\t\t\t\t\t<\/div>\n\t\t<\/div>\n\t\t\t\t<div class=\"elementor-column elementor-col-50 elementor-inner-column elementor-element elementor-element-8ea2f0a\" data-id=\"8ea2f0a\" data-element_type=\"column\">\n\t\t\t<div class=\"elementor-widget-wrap elementor-element-populated\">\n\t\t\t\t\t\t<div class=\"elementor-element elementor-element-5d262ab animated-slow elementor-invisible elementor-widget elementor-widget-houzez_elementor_section_title\" data-id=\"5d262ab\" data-element_type=\"widget\" data-settings=\"{&quot;_animation&quot;:&quot;fadeIn&quot;}\" data-widget_type=\"houzez_elementor_section_title.default\">\n\t\t\t\t<div class=\"elementor-widget-container\">\n\t\t\t\t\t            <div class=\"houzez_section_title_wrap section-title-module\">\n                                    <h2 class=\"houzez_section_title\">La Mission<\/h2>\n                \n                            <\/div>\n            \t\t\t\t<\/div>\n\t\t\t\t<\/div>\n\t\t\t\t<div class=\"elementor-element elementor-element-d0888c0 elementor-widget elementor-widget-text-editor\" data-id=\"d0888c0\" data-element_type=\"widget\" data-widget_type=\"text-editor.default\">\n\t\t\t\t<div class=\"elementor-widget-container\">\n\t\t\t\t\t\t\t\t\t<p>Notre mission est d'autonomiser les individus et les communaut\u00e9s gr\u00e2ce \u00e0 des services personnalis\u00e9s con\u00e7us pour maximiser la durabilit\u00e9 et la productivit\u00e9 des propri\u00e9t\u00e9s rurales. Notre engagement en faveur de solutions durables est \u00e0 la base de toutes les facettes de notre travail. Nous veillons \u00e0 pr\u00e9server et \u00e0 am\u00e9liorer l'environnement naturel tout en aidant nos clients \u00e0 prosp\u00e9rer.<\/p>\t\t\t\t\t\t\t\t<\/div>\n\t\t\t\t<\/div>\n\t\t\t\t\t<\/div>\n\t\t<\/div>\n\t\t\t\t\t<\/div>\n\t\t<\/section>\n\t\t\t\t<div class=\"elementor-element elementor-element-b59559d elementor-widget elementor-widget-spacer\" data-id=\"b59559d\" data-element_type=\"widget\" data-widget_type=\"spacer.default\">\n\t\t\t\t<div class=\"elementor-widget-container\">\n\t\t\t\t\t\t\t<div class=\"elementor-spacer\">\n\t\t\t<div class=\"elementor-spacer-inner\"><\/div>\n\t\t<\/div>\n\t\t\t\t\t\t<\/div>\n\t\t\t\t<\/div>\n\t\t\t\t\t<\/div>\n\t\t<\/div>\n\t\t\t\t\t<\/div>\n\t\t<\/section>\n\t\t\t\t<\/div>","protected":false},"excerpt":{"rendered":"<p>QUEM SOMOS ORAMA &#8211; Green Real Estate &amp; Consulting \u00e9 o seu parceiro de confian\u00e7a para uma transi\u00e7\u00e3o suave para as deslumbrantes paisagens rurais de Portugal. O nosso objetivo \u00e9 simplificar a sua mudan\u00e7a, oferecendo solu\u00e7\u00f5es personalizadas para indiv\u00edduos que est\u00e3o a mudar-se do exterior ou de cidades portuguesas e desejam abra\u00e7ar o charme da [&hellip;]<\/p>","protected":false},"author":1,"featured_media":0,"parent":0,"menu_order":0,"comment_status":"closed","ping_status":"closed","template":"template\/template-homepage.php","meta":{"footnotes":""},"class_list":["post-16650","page","type-page","status-publish","hentry"],"yoast_head":"<!-- This site is optimized with the Yoast SEO plugin v25.2 - https:\/\/yoast.com\/wordpress\/plugins\/seo\/ -->\n<title>Quem Somos - ORAMA<\/title>\n<meta name=\"robots\" content=\"index, follow, max-snippet:-1, max-image-preview:large, max-video-preview:-1\" \/>\n<link rel=\"canonical\" href=\"https:\/\/oramags.pt\/fr\/quem-somos\/\" \/>\n<meta property=\"og:locale\" content=\"fr_FR\" \/>\n<meta property=\"og:type\" content=\"article\" \/>\n<meta property=\"og:title\" content=\"Quem Somos - ORAMA\" \/>\n<meta property=\"og:description\" content=\"QUEM SOMOS ORAMA &#8211; Green Real Estate &amp; Consulting \u00e9 o seu parceiro de confian\u00e7a para uma transi\u00e7\u00e3o suave para as deslumbrantes paisagens rurais de Portugal. O nosso objetivo \u00e9 simplificar a sua mudan\u00e7a, oferecendo solu\u00e7\u00f5es personalizadas para indiv\u00edduos que est\u00e3o a mudar-se do exterior ou de cidades portuguesas e desejam abra\u00e7ar o charme da [&hellip;]\" \/>\n<meta property=\"og:url\" content=\"https:\/\/oramags.pt\/fr\/quem-somos\/\" \/>\n<meta property=\"og:site_name\" content=\"ORAMA\" \/>\n<meta property=\"article:modified_time\" content=\"2024-05-06T19:51:41+00:00\" \/>\n<meta name=\"twitter:card\" content=\"summary_large_image\" \/>\n<meta name=\"twitter:label1\" content=\"Dur\u00e9e de lecture estim\u00e9e\" \/>\n\t<meta name=\"twitter:data1\" content=\"2 minutes\" \/>\n<script type=\"application\/ld+json\" class=\"yoast-schema-graph\">{\"@context\":\"https:\/\/schema.org\",\"@graph\":[{\"@type\":\"WebPage\",\"@id\":\"https:\/\/oramags.pt\/quem-somos\/\",\"url\":\"https:\/\/oramags.pt\/quem-somos\/\",\"name\":\"Quem Somos - ORAMA\",\"isPartOf\":{\"@id\":\"https:\/\/oramags.pt\/#website\"},\"datePublished\":\"2020-02-24T22:15:15+00:00\",\"dateModified\":\"2024-05-06T19:51:41+00:00\",\"breadcrumb\":{\"@id\":\"https:\/\/oramags.pt\/quem-somos\/#breadcrumb\"},\"inLanguage\":\"fr-FR\",\"potentialAction\":[{\"@type\":\"ReadAction\",\"target\":[\"https:\/\/oramags.pt\/quem-somos\/\"]}]},{\"@type\":\"BreadcrumbList\",\"@id\":\"https:\/\/oramags.pt\/quem-somos\/#breadcrumb\",\"itemListElement\":[{\"@type\":\"ListItem\",\"position\":1,\"name\":\"In\u00edcio\",\"item\":\"https:\/\/oramags.pt\/\"},{\"@type\":\"ListItem\",\"position\":2,\"name\":\"Quem Somos\"}]},{\"@type\":\"WebSite\",\"@id\":\"https:\/\/oramags.pt\/#website\",\"url\":\"https:\/\/oramags.pt\/\",\"name\":\"ORAMA \u2013 Green Real Estate & Consulting\",\"description\":\"ORAMA \u2013 Green Real Estate &amp; Consulting \u00e9 o seu parceiro de confian\u00e7a para uma transi\u00e7\u00e3o suave para as deslumbrantes paisagens rurais de Portugal.\",\"publisher\":{\"@id\":\"https:\/\/oramags.pt\/#organization\"},\"potentialAction\":[{\"@type\":\"SearchAction\",\"target\":{\"@type\":\"EntryPoint\",\"urlTemplate\":\"https:\/\/oramags.pt\/?s={search_term_string}\"},\"query-input\":{\"@type\":\"PropertyValueSpecification\",\"valueRequired\":true,\"valueName\":\"search_term_string\"}}],\"inLanguage\":\"fr-FR\"},{\"@type\":\"Organization\",\"@id\":\"https:\/\/oramags.pt\/#organization\",\"name\":\"Orama Green Solutions, Unipessoal, Lda\",\"url\":\"https:\/\/oramags.pt\/\",\"logo\":{\"@type\":\"ImageObject\",\"inLanguage\":\"fr-FR\",\"@id\":\"https:\/\/oramags.pt\/#\/schema\/logo\/image\/\",\"url\":\"https:\/\/oramags.pt\/wp-content\/uploads\/2016\/02\/Logotipo_ORAMA-GreenRealEstateConsulting.png\",\"contentUrl\":\"https:\/\/oramags.pt\/wp-content\/uploads\/2016\/02\/Logotipo_ORAMA-GreenRealEstateConsulting.png\",\"width\":500,\"height\":500,\"caption\":\"Orama Green Solutions, Unipessoal, Lda\"},\"image\":{\"@id\":\"https:\/\/oramags.pt\/#\/schema\/logo\/image\/\"},\"sameAs\":[\"https:\/\/www.youtube.com\/@ORAMAGREENREALESTATE\"]}]}<\/script>\n<!-- \/ Yoast SEO plugin. -->","yoast_head_json":{"title":"Quem Somos - ORAMA","robots":{"index":"index","follow":"follow","max-snippet":"max-snippet:-1","max-image-preview":"max-image-preview:large","max-video-preview":"max-video-preview:-1"},"canonical":"https:\/\/oramags.pt\/fr\/quem-somos\/","og_locale":"fr_FR","og_type":"article","og_title":"Quem Somos - ORAMA","og_description":"QUEM SOMOS ORAMA &#8211; Green Real Estate &amp; Consulting \u00e9 o seu parceiro de confian\u00e7a para uma transi\u00e7\u00e3o suave para as deslumbrantes paisagens rurais de Portugal. O nosso objetivo \u00e9 simplificar a sua mudan\u00e7a, oferecendo solu\u00e7\u00f5es personalizadas para indiv\u00edduos que est\u00e3o a mudar-se do exterior ou de cidades portuguesas e desejam abra\u00e7ar o charme da [&hellip;]","og_url":"https:\/\/oramags.pt\/fr\/quem-somos\/","og_site_name":"ORAMA","article_modified_time":"2024-05-06T19:51:41+00:00","twitter_card":"summary_large_image","twitter_misc":{"Dur\u00e9e de lecture estim\u00e9e":"2 minutes"},"schema":{"@context":"https:\/\/schema.org","@graph":[{"@type":"WebPage","@id":"https:\/\/oramags.pt\/quem-somos\/","url":"https:\/\/oramags.pt\/quem-somos\/","name":"Quem Somos - ORAMA","isPartOf":{"@id":"https:\/\/oramags.pt\/#website"},"datePublished":"2020-02-24T22:15:15+00:00","dateModified":"2024-05-06T19:51:41+00:00","breadcrumb":{"@id":"https:\/\/oramags.pt\/quem-somos\/#breadcrumb"},"inLanguage":"fr-FR","potentialAction":[{"@type":"ReadAction","target":["https:\/\/oramags.pt\/quem-somos\/"]}]},{"@type":"BreadcrumbList","@id":"https:\/\/oramags.pt\/quem-somos\/#breadcrumb","itemListElement":[{"@type":"ListItem","position":1,"name":"In\u00edcio","item":"https:\/\/oramags.pt\/"},{"@type":"ListItem","position":2,"name":"Quem Somos"}]},{"@type":"WebSite","@id":"https:\/\/oramags.pt\/#website","url":"https:\/\/oramags.pt\/","name":"ORAMA \u2013 Green Real Estate & Consulting","description":"ORAMA \u2013 Green Real Estate &amp; Consulting \u00e9 o seu parceiro de confian\u00e7a para uma transi\u00e7\u00e3o suave para as deslumbrantes paisagens rurais de Portugal.","publisher":{"@id":"https:\/\/oramags.pt\/#organization"},"potentialAction":[{"@type":"SearchAction","target":{"@type":"EntryPoint","urlTemplate":"https:\/\/oramags.pt\/?s={search_term_string}"},"query-input":{"@type":"PropertyValueSpecification","valueRequired":true,"valueName":"search_term_string"}}],"inLanguage":"fr-FR"},{"@type":"Organization","@id":"https:\/\/oramags.pt\/#organization","name":"Orama Green Solutions, Unipessoal, Lda","url":"https:\/\/oramags.pt\/","logo":{"@type":"ImageObject","inLanguage":"fr-FR","@id":"https:\/\/oramags.pt\/#\/schema\/logo\/image\/","url":"https:\/\/oramags.pt\/wp-content\/uploads\/2016\/02\/Logotipo_ORAMA-GreenRealEstateConsulting.png","contentUrl":"https:\/\/oramags.pt\/wp-content\/uploads\/2016\/02\/Logotipo_ORAMA-GreenRealEstateConsulting.png","width":500,"height":500,"caption":"Orama Green Solutions, Unipessoal, Lda"},"image":{"@id":"https:\/\/oramags.pt\/#\/schema\/logo\/image\/"},"sameAs":["https:\/\/www.youtube.com\/@ORAMAGREENREALESTATE"]}]}},"_links":{"self":[{"href":"https:\/\/oramags.pt\/fr\/wp-json\/wp\/v2\/pages\/16650","targetHints":{"allow":["GET"]}}],"collection":[{"href":"https:\/\/oramags.pt\/fr\/wp-json\/wp\/v2\/pages"}],"about":[{"href":"https:\/\/oramags.pt\/fr\/wp-json\/wp\/v2\/types\/page"}],"author":[{"embeddable":true,"href":"https:\/\/oramags.pt\/fr\/wp-json\/wp\/v2\/users\/1"}],"replies":[{"embeddable":true,"href":"https:\/\/oramags.pt\/fr\/wp-json\/wp\/v2\/comments?post=16650"}],"version-history":[{"count":0,"href":"https:\/\/oramags.pt\/fr\/wp-json\/wp\/v2\/pages\/16650\/revisions"}],"wp:attachment":[{"href":"https:\/\/oramags.pt\/fr\/wp-json\/wp\/v2\/media?parent=16650"}],"curies":[{"name":"wp","href":"https:\/\/api.w.org\/{rel}","templated":true}]}}