{"id":17557,"date":"2024-04-27T13:23:21","date_gmt":"2024-04-27T13:23:21","guid":{"rendered":"https:\/\/web.oramags.pt\/?page_id=17557"},"modified":"2024-05-14T19:17:20","modified_gmt":"2024-05-14T19:17:20","slug":"gestao-propriedades","status":"publish","type":"page","link":"https:\/\/oramags.pt\/fr\/gestao-propriedades\/","title":{"rendered":"Gestion immobili\u00e8re"},"content":{"rendered":"<div data-elementor-type=\"wp-page\" data-elementor-id=\"17557\" class=\"elementor elementor-17557\">\n\t\t\t\t\t\t<section class=\"elementor-section elementor-top-section elementor-element elementor-element-5b81e21 elementor-section-height-min-height animated-slow elementor-section-boxed elementor-section-height-default elementor-section-items-middle elementor-invisible\" data-id=\"5b81e21\" data-element_type=\"section\" data-settings=\"{&quot;background_background&quot;:&quot;classic&quot;,&quot;animation&quot;:&quot;fadeIn&quot;}\">\n\t\t\t\t\t\t\t<div class=\"elementor-background-overlay\"><\/div>\n\t\t\t\t\t\t\t<div class=\"elementor-container elementor-column-gap-default\">\n\t\t\t\t\t<div class=\"elementor-column elementor-col-100 elementor-top-column elementor-element elementor-element-ad367f8\" data-id=\"ad367f8\" data-element_type=\"column\">\n\t\t\t<div class=\"elementor-widget-wrap elementor-element-populated\">\n\t\t\t\t\t\t<div class=\"elementor-element elementor-element-0e7939f elementor-widget elementor-widget-heading\" data-id=\"0e7939f\" data-element_type=\"widget\" data-widget_type=\"heading.default\">\n\t\t\t\t<div class=\"elementor-widget-container\">\n\t\t\t\t\t<h1 class=\"elementor-heading-title elementor-size-default\">Gestion immobili\u00e8re<\/h1>\t\t\t\t<\/div>\n\t\t\t\t<\/div>\n\t\t\t\t\t<\/div>\n\t\t<\/div>\n\t\t\t\t\t<\/div>\n\t\t<\/section>\n\t\t\t\t<section class=\"elementor-section elementor-top-section elementor-element elementor-element-7de1bca elementor-section-boxed elementor-section-height-default elementor-section-height-default\" data-id=\"7de1bca\" data-element_type=\"section\">\n\t\t\t\t\t\t<div class=\"elementor-container elementor-column-gap-default\">\n\t\t\t\t\t<div class=\"elementor-column elementor-col-100 elementor-top-column elementor-element elementor-element-b896568\" data-id=\"b896568\" data-element_type=\"column\">\n\t\t\t<div class=\"elementor-widget-wrap elementor-element-populated\">\n\t\t\t\t\t\t<div class=\"elementor-element elementor-element-de14f81 elementor-widget elementor-widget-spacer\" data-id=\"de14f81\" data-element_type=\"widget\" data-widget_type=\"spacer.default\">\n\t\t\t\t<div class=\"elementor-widget-container\">\n\t\t\t\t\t\t\t<div class=\"elementor-spacer\">\n\t\t\t<div class=\"elementor-spacer-inner\"><\/div>\n\t\t<\/div>\n\t\t\t\t\t\t<\/div>\n\t\t\t\t<\/div>\n\t\t\t\t<div class=\"elementor-element elementor-element-8c5c262 elementor-widget elementor-widget-text-editor\" data-id=\"8c5c262\" data-element_type=\"widget\" data-widget_type=\"text-editor.default\">\n\t\t\t\t<div class=\"elementor-widget-container\">\n\t\t\t\t\t\t\t\t\t<p>D\u00e9couvrez la facilit\u00e9 de la gestion immobili\u00e8re avec <span style=\"color: #8b9a5d;\"><strong>ORAMA<\/strong><\/span>. Laissez notre \u00e9quipe comp\u00e9tente s'occuper des demandes de renseignements des clients, du nettoyage et de l'enregistrement. Nous nous engageons \u00e0 assurer le bon fonctionnement de votre propri\u00e9t\u00e9, ouvrant ainsi la voie \u00e0 une entreprise florissante.<\/p><p>Maximisez vos revenus locatifs gr\u00e2ce \u00e0 des strat\u00e9gies tarifaires personnalis\u00e9es qui s'adaptent aux tendances du march\u00e9. Notre service \u00e0 la client\u00e8le in\u00e9gal\u00e9 garantit des exp\u00e9riences inoubliables pour les clients, renfor\u00e7ant ainsi la r\u00e9putation de votre propri\u00e9t\u00e9.<\/p><p>Cr\u00e9ez des espaces accueillants pour tous les clients gr\u00e2ce \u00e0 nos solutions d\u00e9taill\u00e9es de nettoyage et d'entretien. Restez au fait des taux d'occupation et des d\u00e9penses gr\u00e2ce \u00e0 des rapports financiers d\u00e9taill\u00e9s qui vous permettent de prendre des d\u00e9cisions \u00e9clair\u00e9es.<\/p>\t\t\t\t\t\t\t\t<\/div>\n\t\t\t\t<\/div>\n\t\t\t\t<div class=\"elementor-element elementor-element-b59559d elementor-widget elementor-widget-spacer\" data-id=\"b59559d\" data-element_type=\"widget\" data-widget_type=\"spacer.default\">\n\t\t\t\t<div class=\"elementor-widget-container\">\n\t\t\t\t\t\t\t<div class=\"elementor-spacer\">\n\t\t\t<div class=\"elementor-spacer-inner\"><\/div>\n\t\t<\/div>\n\t\t\t\t\t\t<\/div>\n\t\t\t\t<\/div>\n\t\t\t\t\t<\/div>\n\t\t<\/div>\n\t\t\t\t\t<\/div>\n\t\t<\/section>\n\t\t\t\t<\/div>","protected":false},"excerpt":{"rendered":"<p>Gest\u00e3o de Propriedades Descubra a facilidade da gest\u00e3o de propriedades com a ORAMA. Deixe os detalhes das consultas de h\u00f3spedes, limpeza e check-ins para a nossa equipa capacitada. Estamos dedicados a garantir que a sua propriedade funcione sem problemas, abrindo caminho para um empreendimento pr\u00f3spero. Maximize os seus rendimentos de arrendamento com estrat\u00e9gias de pre\u00e7os [&hellip;]<\/p>","protected":false},"author":1,"featured_media":0,"parent":0,"menu_order":0,"comment_status":"closed","ping_status":"closed","template":"template\/template-homepage.php","meta":{"footnotes":""},"class_list":["post-17557","page","type-page","status-publish","hentry"],"yoast_head":"<!-- This site is optimized with the Yoast SEO plugin v25.2 - https:\/\/yoast.com\/wordpress\/plugins\/seo\/ -->\n<title>Gest\u00e3o de Propriedades - ORAMA<\/title>\n<meta name=\"robots\" content=\"index, follow, max-snippet:-1, max-image-preview:large, max-video-preview:-1\" \/>\n<link rel=\"canonical\" href=\"https:\/\/oramags.pt\/fr\/gestao-propriedades\/\" \/>\n<meta property=\"og:locale\" content=\"fr_FR\" \/>\n<meta property=\"og:type\" content=\"article\" \/>\n<meta property=\"og:title\" content=\"Gest\u00e3o de Propriedades - ORAMA\" \/>\n<meta property=\"og:description\" content=\"Gest\u00e3o de Propriedades Descubra a facilidade da gest\u00e3o de propriedades com a ORAMA. Deixe os detalhes das consultas de h\u00f3spedes, limpeza e check-ins para a nossa equipa capacitada. Estamos dedicados a garantir que a sua propriedade funcione sem problemas, abrindo caminho para um empreendimento pr\u00f3spero. Maximize os seus rendimentos de arrendamento com estrat\u00e9gias de pre\u00e7os [&hellip;]\" \/>\n<meta property=\"og:url\" content=\"https:\/\/oramags.pt\/fr\/gestao-propriedades\/\" \/>\n<meta property=\"og:site_name\" content=\"ORAMA\" \/>\n<meta property=\"article:modified_time\" content=\"2024-05-14T19:17:20+00:00\" \/>\n<meta name=\"twitter:card\" content=\"summary_large_image\" \/>\n<meta name=\"twitter:label1\" content=\"Dur\u00e9e de lecture estim\u00e9e\" \/>\n\t<meta name=\"twitter:data1\" content=\"1 minute\" \/>\n<script type=\"application\/ld+json\" class=\"yoast-schema-graph\">{\"@context\":\"https:\/\/schema.org\",\"@graph\":[{\"@type\":\"WebPage\",\"@id\":\"https:\/\/oramags.pt\/gestao-propriedades\/\",\"url\":\"https:\/\/oramags.pt\/gestao-propriedades\/\",\"name\":\"Gest\u00e3o de Propriedades - ORAMA\",\"isPartOf\":{\"@id\":\"https:\/\/oramags.pt\/#website\"},\"datePublished\":\"2024-04-27T13:23:21+00:00\",\"dateModified\":\"2024-05-14T19:17:20+00:00\",\"breadcrumb\":{\"@id\":\"https:\/\/oramags.pt\/gestao-propriedades\/#breadcrumb\"},\"inLanguage\":\"fr-FR\",\"potentialAction\":[{\"@type\":\"ReadAction\",\"target\":[\"https:\/\/oramags.pt\/gestao-propriedades\/\"]}]},{\"@type\":\"BreadcrumbList\",\"@id\":\"https:\/\/oramags.pt\/gestao-propriedades\/#breadcrumb\",\"itemListElement\":[{\"@type\":\"ListItem\",\"position\":1,\"name\":\"In\u00edcio\",\"item\":\"https:\/\/oramags.pt\/\"},{\"@type\":\"ListItem\",\"position\":2,\"name\":\"Gest\u00e3o de Propriedades\"}]},{\"@type\":\"WebSite\",\"@id\":\"https:\/\/oramags.pt\/#website\",\"url\":\"https:\/\/oramags.pt\/\",\"name\":\"ORAMA \u2013 Green Real Estate & Consulting\",\"description\":\"ORAMA \u2013 Green Real Estate &amp; Consulting \u00e9 o seu parceiro de confian\u00e7a para uma transi\u00e7\u00e3o suave para as deslumbrantes paisagens rurais de Portugal.\",\"publisher\":{\"@id\":\"https:\/\/oramags.pt\/#organization\"},\"potentialAction\":[{\"@type\":\"SearchAction\",\"target\":{\"@type\":\"EntryPoint\",\"urlTemplate\":\"https:\/\/oramags.pt\/?s={search_term_string}\"},\"query-input\":{\"@type\":\"PropertyValueSpecification\",\"valueRequired\":true,\"valueName\":\"search_term_string\"}}],\"inLanguage\":\"fr-FR\"},{\"@type\":\"Organization\",\"@id\":\"https:\/\/oramags.pt\/#organization\",\"name\":\"Orama Green Solutions, Unipessoal, Lda\",\"url\":\"https:\/\/oramags.pt\/\",\"logo\":{\"@type\":\"ImageObject\",\"inLanguage\":\"fr-FR\",\"@id\":\"https:\/\/oramags.pt\/#\/schema\/logo\/image\/\",\"url\":\"https:\/\/oramags.pt\/wp-content\/uploads\/2016\/02\/Logotipo_ORAMA-GreenRealEstateConsulting.png\",\"contentUrl\":\"https:\/\/oramags.pt\/wp-content\/uploads\/2016\/02\/Logotipo_ORAMA-GreenRealEstateConsulting.png\",\"width\":500,\"height\":500,\"caption\":\"Orama Green Solutions, Unipessoal, Lda\"},\"image\":{\"@id\":\"https:\/\/oramags.pt\/#\/schema\/logo\/image\/\"},\"sameAs\":[\"https:\/\/www.youtube.com\/@ORAMAGREENREALESTATE\"]}]}<\/script>\n<!-- \/ Yoast SEO plugin. -->","yoast_head_json":{"title":"Gest\u00e3o de Propriedades - ORAMA","robots":{"index":"index","follow":"follow","max-snippet":"max-snippet:-1","max-image-preview":"max-image-preview:large","max-video-preview":"max-video-preview:-1"},"canonical":"https:\/\/oramags.pt\/fr\/gestao-propriedades\/","og_locale":"fr_FR","og_type":"article","og_title":"Gest\u00e3o de Propriedades - ORAMA","og_description":"Gest\u00e3o de Propriedades Descubra a facilidade da gest\u00e3o de propriedades com a ORAMA. Deixe os detalhes das consultas de h\u00f3spedes, limpeza e check-ins para a nossa equipa capacitada. Estamos dedicados a garantir que a sua propriedade funcione sem problemas, abrindo caminho para um empreendimento pr\u00f3spero. Maximize os seus rendimentos de arrendamento com estrat\u00e9gias de pre\u00e7os [&hellip;]","og_url":"https:\/\/oramags.pt\/fr\/gestao-propriedades\/","og_site_name":"ORAMA","article_modified_time":"2024-05-14T19:17:20+00:00","twitter_card":"summary_large_image","twitter_misc":{"Dur\u00e9e de lecture estim\u00e9e":"1 minute"},"schema":{"@context":"https:\/\/schema.org","@graph":[{"@type":"WebPage","@id":"https:\/\/oramags.pt\/gestao-propriedades\/","url":"https:\/\/oramags.pt\/gestao-propriedades\/","name":"Gest\u00e3o de Propriedades - ORAMA","isPartOf":{"@id":"https:\/\/oramags.pt\/#website"},"datePublished":"2024-04-27T13:23:21+00:00","dateModified":"2024-05-14T19:17:20+00:00","breadcrumb":{"@id":"https:\/\/oramags.pt\/gestao-propriedades\/#breadcrumb"},"inLanguage":"fr-FR","potentialAction":[{"@type":"ReadAction","target":["https:\/\/oramags.pt\/gestao-propriedades\/"]}]},{"@type":"BreadcrumbList","@id":"https:\/\/oramags.pt\/gestao-propriedades\/#breadcrumb","itemListElement":[{"@type":"ListItem","position":1,"name":"In\u00edcio","item":"https:\/\/oramags.pt\/"},{"@type":"ListItem","position":2,"name":"Gest\u00e3o de Propriedades"}]},{"@type":"WebSite","@id":"https:\/\/oramags.pt\/#website","url":"https:\/\/oramags.pt\/","name":"ORAMA \u2013 Green Real Estate & Consulting","description":"ORAMA \u2013 Green Real Estate &amp; Consulting \u00e9 o seu parceiro de confian\u00e7a para uma transi\u00e7\u00e3o suave para as deslumbrantes paisagens rurais de Portugal.","publisher":{"@id":"https:\/\/oramags.pt\/#organization"},"potentialAction":[{"@type":"SearchAction","target":{"@type":"EntryPoint","urlTemplate":"https:\/\/oramags.pt\/?s={search_term_string}"},"query-input":{"@type":"PropertyValueSpecification","valueRequired":true,"valueName":"search_term_string"}}],"inLanguage":"fr-FR"},{"@type":"Organization","@id":"https:\/\/oramags.pt\/#organization","name":"Orama Green Solutions, Unipessoal, Lda","url":"https:\/\/oramags.pt\/","logo":{"@type":"ImageObject","inLanguage":"fr-FR","@id":"https:\/\/oramags.pt\/#\/schema\/logo\/image\/","url":"https:\/\/oramags.pt\/wp-content\/uploads\/2016\/02\/Logotipo_ORAMA-GreenRealEstateConsulting.png","contentUrl":"https:\/\/oramags.pt\/wp-content\/uploads\/2016\/02\/Logotipo_ORAMA-GreenRealEstateConsulting.png","width":500,"height":500,"caption":"Orama Green Solutions, Unipessoal, Lda"},"image":{"@id":"https:\/\/oramags.pt\/#\/schema\/logo\/image\/"},"sameAs":["https:\/\/www.youtube.com\/@ORAMAGREENREALESTATE"]}]}},"_links":{"self":[{"href":"https:\/\/oramags.pt\/fr\/wp-json\/wp\/v2\/pages\/17557","targetHints":{"allow":["GET"]}}],"collection":[{"href":"https:\/\/oramags.pt\/fr\/wp-json\/wp\/v2\/pages"}],"about":[{"href":"https:\/\/oramags.pt\/fr\/wp-json\/wp\/v2\/types\/page"}],"author":[{"embeddable":true,"href":"https:\/\/oramags.pt\/fr\/wp-json\/wp\/v2\/users\/1"}],"replies":[{"embeddable":true,"href":"https:\/\/oramags.pt\/fr\/wp-json\/wp\/v2\/comments?post=17557"}],"version-history":[{"count":0,"href":"https:\/\/oramags.pt\/fr\/wp-json\/wp\/v2\/pages\/17557\/revisions"}],"wp:attachment":[{"href":"https:\/\/oramags.pt\/fr\/wp-json\/wp\/v2\/media?parent=17557"}],"curies":[{"name":"wp","href":"https:\/\/api.w.org\/{rel}","templated":true}]}}