{"id":17561,"date":"2024-04-27T13:23:21","date_gmt":"2024-04-27T13:23:21","guid":{"rendered":"https:\/\/web.oramags.pt\/?page_id=17561"},"modified":"2024-05-15T19:45:35","modified_gmt":"2024-05-15T19:45:35","slug":"servicos-apoio-consultoria-solucoes-cada-etapa","status":"publish","type":"page","link":"https:\/\/oramags.pt\/fr\/servicos-apoio-consultoria-solucoes-cada-etapa\/","title":{"rendered":"Servi\u00e7os de Apoio e Consultoria Solu\u00e7\u00f5es em Cada Etapa"},"content":{"rendered":"<div data-elementor-type=\"wp-page\" data-elementor-id=\"17561\" class=\"elementor elementor-17561\">\n\t\t\t\t\t\t<section class=\"elementor-section elementor-top-section elementor-element elementor-element-5b81e21 elementor-section-height-min-height animated-slow elementor-section-boxed elementor-section-height-default elementor-section-items-middle elementor-invisible\" data-id=\"5b81e21\" data-element_type=\"section\" data-settings=\"{&quot;background_background&quot;:&quot;classic&quot;,&quot;animation&quot;:&quot;fadeIn&quot;}\">\n\t\t\t\t\t\t\t<div class=\"elementor-background-overlay\"><\/div>\n\t\t\t\t\t\t\t<div class=\"elementor-container elementor-column-gap-default\">\n\t\t\t\t\t<div class=\"elementor-column elementor-col-100 elementor-top-column elementor-element elementor-element-ad367f8\" data-id=\"ad367f8\" data-element_type=\"column\">\n\t\t\t<div class=\"elementor-widget-wrap elementor-element-populated\">\n\t\t\t\t\t\t<div class=\"elementor-element elementor-element-0e7939f elementor-widget elementor-widget-heading\" data-id=\"0e7939f\" data-element_type=\"widget\" data-widget_type=\"heading.default\">\n\t\t\t\t<div class=\"elementor-widget-container\">\n\t\t\t\t\t<h1 class=\"elementor-heading-title elementor-size-default\">ORAMA Green Consulting - Services d'appui et de conseil<\/h1>\t\t\t\t<\/div>\n\t\t\t\t<\/div>\n\t\t\t\t\t<\/div>\n\t\t<\/div>\n\t\t\t\t\t<\/div>\n\t\t<\/section>\n\t\t\t\t<section class=\"elementor-section elementor-top-section elementor-element elementor-element-7de1bca elementor-section-boxed elementor-section-height-default elementor-section-height-default\" data-id=\"7de1bca\" data-element_type=\"section\">\n\t\t\t\t\t\t<div class=\"elementor-container elementor-column-gap-default\">\n\t\t\t\t\t<div class=\"elementor-column elementor-col-100 elementor-top-column elementor-element elementor-element-b896568\" data-id=\"b896568\" data-element_type=\"column\">\n\t\t\t<div class=\"elementor-widget-wrap elementor-element-populated\">\n\t\t\t\t\t\t<div class=\"elementor-element elementor-element-de14f81 elementor-widget elementor-widget-spacer\" data-id=\"de14f81\" data-element_type=\"widget\" data-widget_type=\"spacer.default\">\n\t\t\t\t<div class=\"elementor-widget-container\">\n\t\t\t\t\t\t\t<div class=\"elementor-spacer\">\n\t\t\t<div class=\"elementor-spacer-inner\"><\/div>\n\t\t<\/div>\n\t\t\t\t\t\t<\/div>\n\t\t\t\t<\/div>\n\t\t\t\t<div class=\"elementor-element elementor-element-723dae5 elementor-widget elementor-widget-heading\" data-id=\"723dae5\" data-element_type=\"widget\" data-widget_type=\"heading.default\">\n\t\t\t\t<div class=\"elementor-widget-container\">\n\t\t\t\t\t<h2 class=\"elementor-heading-title elementor-size-default\">Des solutions \u00e0 chaque \u00e9tape<\/h2>\t\t\t\t<\/div>\n\t\t\t\t<\/div>\n\t\t\t\t<div class=\"elementor-element elementor-element-8c5c262 elementor-widget elementor-widget-text-editor\" data-id=\"8c5c262\" data-element_type=\"widget\" data-widget_type=\"text-editor.default\">\n\t\t\t\t<div class=\"elementor-widget-container\">\n\t\t\t\t\t\t\t\t\t<p>D\u00e8s que vous nous faites part du plan de la maison de vos r\u00eaves, nous prenons la responsabilit\u00e9 d'en faire une r\u00e9alit\u00e9.<\/p><p>Nous assurons la gestion compl\u00e8te du projet, en veillant \u00e0 ce que chaque d\u00e9tail soit coordonn\u00e9 pour que votre maison incarne le charme de la vie rurale.<\/p><p>Notre objectif est de vous fournir les solutions dont vous avez besoin, en rendant le processus aussi fluide que possible.<\/p>\t\t\t\t\t\t\t\t<\/div>\n\t\t\t\t<\/div>\n\t\t\t\t\t<\/div>\n\t\t<\/div>\n\t\t\t\t\t<\/div>\n\t\t<\/section>\n\t\t<div class=\"elementor-element elementor-element-896bc40 e-flex e-con-boxed e-con e-parent\" data-id=\"896bc40\" data-element_type=\"container\">\n\t\t\t\t\t<div class=\"e-con-inner\">\n\t\t\t\t<div class=\"elementor-element elementor-element-a16341d elementor-tabs-view-horizontal elementor-widget elementor-widget-tabs\" data-id=\"a16341d\" data-element_type=\"widget\" data-widget_type=\"tabs.default\">\n\t\t\t\t<div class=\"elementor-widget-container\">\n\t\t\t\t\t\t\t<div class=\"elementor-tabs\">\n\t\t\t<div class=\"elementor-tabs-wrapper\" role=\"tablist\" >\n\t\t\t\t\t\t\t\t\t<div id=\"elementor-tab-title-1691\" class=\"elementor-tab-title elementor-tab-desktop-title\" aria-selected=\"true\" data-tab=\"1\" role=\"tab\" tabindex=\"0\" aria-controls=\"elementor-tab-content-1691\" aria-expanded=\"false\">Conseil agricole<\/div>\n\t\t\t\t\t\t\t\t\t<div id=\"elementor-tab-title-1692\" class=\"elementor-tab-title elementor-tab-desktop-title\" aria-selected=\"false\" data-tab=\"2\" role=\"tab\" tabindex=\"-1\" aria-controls=\"elementor-tab-content-1692\" aria-expanded=\"false\">Services de Construction<\/div>\n\t\t\t\t\t\t\t\t\t<div id=\"elementor-tab-title-1693\" class=\"elementor-tab-title elementor-tab-desktop-title\" aria-selected=\"false\" data-tab=\"3\" role=\"tab\" tabindex=\"-1\" aria-controls=\"elementor-tab-content-1693\" aria-expanded=\"false\">Vous mettre en relation avec les bons experts<\/div>\n\t\t\t\t\t\t\t\t\t<div id=\"elementor-tab-title-1694\" class=\"elementor-tab-title elementor-tab-desktop-title\" aria-selected=\"false\" data-tab=\"4\" role=\"tab\" tabindex=\"-1\" aria-controls=\"elementor-tab-content-1694\" aria-expanded=\"false\">Services Juridiques<\/div>\n\t\t\t\t\t\t\t\t\t<div id=\"elementor-tab-title-1695\" class=\"elementor-tab-title elementor-tab-desktop-title\" aria-selected=\"false\" data-tab=\"5\" role=\"tab\" tabindex=\"-1\" aria-controls=\"elementor-tab-content-1695\" aria-expanded=\"false\">Obtention de Licences<\/div>\n\t\t\t\t\t\t\t<\/div>\n\t\t\t<div class=\"elementor-tabs-content-wrapper\" role=\"tablist\" aria-orientation=\"vertical\">\n\t\t\t\t\t\t\t\t\t<div class=\"elementor-tab-title elementor-tab-mobile-title\" aria-selected=\"true\" data-tab=\"1\" role=\"tab\" tabindex=\"0\" aria-controls=\"elementor-tab-content-1691\" aria-expanded=\"false\">Conseil agricole<\/div>\n\t\t\t\t\t<div id=\"elementor-tab-content-1691\" class=\"elementor-tab-content elementor-clearfix\" data-tab=\"1\" role=\"tabpanel\" aria-labelledby=\"elementor-tab-title-1691\" tabindex=\"0\" hidden=\"false\"><p>L' <span style=\"color: #8b9a5d;\"><strong>ORAMA <\/strong><\/span>simplifie votre voyage dans la vie rurale.<\/p><p>Nos conseillers agricoles experts sont l\u00e0 pour vous aider \u00e0 adopter des pratiques agricoles durables et \u00e0 tirer le meilleur parti de votre nouvelle vie.<\/p><p>Vous souhaitez d\u00e9couvrir l'agriculture biologique, syntropique et biodynamique? L' <span style=\"color: #8b9a5d;\"><strong>ORAMA <\/strong><\/span>est l\u00e0 pour vous soutenir dans toutes ces options au Portugal.<\/p><p>Des projets de permaculture ? Nous sommes l\u00e0 pour vous aider et vous mettre en contact avec les communaut\u00e9s locales.<\/p><p>Cannabis m\u00e9dical, vignobles, vergers, \u00e9levage - le <span style=\"color: #8b9a5d;\"><strong>ORAMA <\/strong><\/span>est votre partenaire id\u00e9al pour la consultation et la mise en \u0153uvre de votre projet au Portugal.<\/p><p>Vous souhaitez int\u00e9grer votre projet agricole dans une entreprise de tourisme et de d\u00e9veloppement durable? Nous sommes pr\u00eats \u00e0 vous aider en vous proposant les meilleures solutions.<\/p><p>Nettoyer votre propri\u00e9t\u00e9 avec du mat\u00e9riel sp\u00e9cialis\u00e9 et des professionnels, pr\u00e9parer le terrain, planter, g\u00e9rer et suivre les cultures agricoles et le b\u00e9tail, trouver des solutions techniques et \u00e9conomiques?<\/p><p>Quitter le <span style=\"color: #8b9a5d;\"><strong>ORAMA <\/strong><\/span>s'occupe de tout pour vous et profite du charme et de la tranquillit\u00e9 de la campagne.<\/p><p>Nous sommes pr\u00eats \u00e0 vous apporter un soutien complet dans la r\u00e9alisation de vos objectifs, depuis l'\u00e9laboration du projet jusqu'\u00e0 sa soumission aux autorit\u00e9s comp\u00e9tentes et \u00e0 la recherche de fonds de soutien europ\u00e9ens.<\/p><\/div>\n\t\t\t\t\t\t\t\t\t<div class=\"elementor-tab-title elementor-tab-mobile-title\" aria-selected=\"false\" data-tab=\"2\" role=\"tab\" tabindex=\"-1\" aria-controls=\"elementor-tab-content-1692\" aria-expanded=\"false\">Services de Construction<\/div>\n\t\t\t\t\t<div id=\"elementor-tab-content-1692\" class=\"elementor-tab-content elementor-clearfix\" data-tab=\"2\" role=\"tabpanel\" aria-labelledby=\"elementor-tab-title-1692\" tabindex=\"0\" hidden=\"hidden\"><p>Transformez votre propri\u00e9t\u00e9 rurale en un havre de paix respectueux de l'environnement gr\u00e2ce aux services de construction de <span style=\"color: #8b9a5d;\"><strong>ORAMA<\/strong><\/span>.<\/p><p>Nous donnerons vie \u00e0 la maison de vos r\u00eaves et ferons de la transition vers la vie rurale au Portugal un v\u00e9ritable plaisir.<\/p><\/div>\n\t\t\t\t\t\t\t\t\t<div class=\"elementor-tab-title elementor-tab-mobile-title\" aria-selected=\"false\" data-tab=\"3\" role=\"tab\" tabindex=\"-1\" aria-controls=\"elementor-tab-content-1693\" aria-expanded=\"false\">Vous mettre en relation avec les bons experts<\/div>\n\t\t\t\t\t<div id=\"elementor-tab-content-1693\" class=\"elementor-tab-content elementor-clearfix\" data-tab=\"3\" role=\"tabpanel\" aria-labelledby=\"elementor-tab-title-1693\" tabindex=\"0\" hidden=\"hidden\"><p>Il est essentiel de trouver l'entreprise de construction id\u00e9ale qui correspond \u00e0 votre vision et \u00e0 vos valeurs.<\/p><p>L' <span style=\"color: #8b9a5d;\"><strong>ORAMA <\/strong><\/span>sert de pont entre vous et les experts en construction sp\u00e9cialis\u00e9s dans le d\u00e9veloppement de propri\u00e9t\u00e9s rurales durables et respectueuses de l'environnement.<\/p><p>Gr\u00e2ce \u00e0 notre vaste r\u00e9seau et \u00e0 notre connaissance du secteur, nous veillons \u00e0 ce que votre projet soit confi\u00e9 aux sp\u00e9cialistes les plus comp\u00e9tents.<\/p><\/div>\n\t\t\t\t\t\t\t\t\t<div class=\"elementor-tab-title elementor-tab-mobile-title\" aria-selected=\"false\" data-tab=\"4\" role=\"tab\" tabindex=\"-1\" aria-controls=\"elementor-tab-content-1694\" aria-expanded=\"false\">Services Juridiques<\/div>\n\t\t\t\t\t<div id=\"elementor-tab-content-1694\" class=\"elementor-tab-content elementor-clearfix\" data-tab=\"4\" role=\"tabpanel\" aria-labelledby=\"elementor-tab-title-1694\" tabindex=\"0\" hidden=\"hidden\"><p>L' <span style=\"color: #8b9a5d;\"><strong>ORAMA <\/strong><\/span>simplifie la complexit\u00e9 de la vie rurale au Portugal.<\/p><p>Nos experts juridiques offrent un soutien et des conseils permanents aux expatri\u00e9s, leur garantissant une transition sans probl\u00e8me et un avenir durable dans la magnifique campagne portugaise.<\/p><\/div>\n\t\t\t\t\t\t\t\t\t<div class=\"elementor-tab-title elementor-tab-mobile-title\" aria-selected=\"false\" data-tab=\"5\" role=\"tab\" tabindex=\"-1\" aria-controls=\"elementor-tab-content-1695\" aria-expanded=\"false\">Obtention de Licences<\/div>\n\t\t\t\t\t<div id=\"elementor-tab-content-1695\" class=\"elementor-tab-content elementor-clearfix\" data-tab=\"5\" role=\"tabpanel\" aria-labelledby=\"elementor-tab-title-1695\" tabindex=\"0\" hidden=\"hidden\"><p>Qu'il s'agisse de licences pour des propri\u00e9t\u00e9s rurales ou de permis commerciaux, nous vous aiderons \u00e0 obtenir les licences dont vous avez besoin pour vous conformer \u00e0 la r\u00e9glementation portugaise.<\/p><p>L' <span style=\"color: #8b9a5d;\"><strong>ORAMA <\/strong><\/span>simplifie le processus, ce qui vous permet de vous concentrer sur la transition vers votre nouvelle vie \u00e0 la campagne. Pour tous vos besoins juridiques, y compris les licences, les r\u00e8glements de zonage ou d'autres questions juridiques, comptez sur nous pour vous fournir des solutions.<\/p><\/div>\n\t\t\t\t\t\t\t<\/div>\n\t\t<\/div>\n\t\t\t\t\t\t<\/div>\n\t\t\t\t<\/div>\n\t\t\t\t\t<\/div>\n\t\t\t\t<\/div>\n\t\t\t\t<\/div>","protected":false},"excerpt":{"rendered":"<p>ORAMA Green Consulting \u2013 Servi\u00e7os de Apoio e Consultoria Solu\u00e7\u00f5es em Cada Etapa Desde o momento em que partilha o plano da sua casa de sonho conosco, assumimos a responsabilidade de o tornar realidade. Proporcionamos gest\u00e3o completa de projetos, assegurando a coordena\u00e7\u00e3o de todos os detalhes para que a sua casa incorpore o charme da [&hellip;]<\/p>","protected":false},"author":1,"featured_media":0,"parent":0,"menu_order":0,"comment_status":"closed","ping_status":"closed","template":"template\/template-homepage.php","meta":{"footnotes":""},"class_list":["post-17561","page","type-page","status-publish","hentry"],"yoast_head":"<!-- This site is optimized with the Yoast SEO plugin v25.2 - https:\/\/yoast.com\/wordpress\/plugins\/seo\/ -->\n<title>Servi\u00e7os de Apoio e Consultoria Solu\u00e7\u00f5es em Cada Etapa - ORAMA<\/title>\n<meta name=\"robots\" content=\"index, follow, max-snippet:-1, max-image-preview:large, max-video-preview:-1\" \/>\n<link rel=\"canonical\" href=\"https:\/\/oramags.pt\/fr\/servicos-apoio-consultoria-solucoes-cada-etapa\/\" \/>\n<meta property=\"og:locale\" content=\"fr_FR\" \/>\n<meta property=\"og:type\" content=\"article\" \/>\n<meta property=\"og:title\" content=\"Servi\u00e7os de Apoio e Consultoria Solu\u00e7\u00f5es em Cada Etapa - ORAMA\" \/>\n<meta property=\"og:description\" content=\"ORAMA Green Consulting \u2013 Servi\u00e7os de Apoio e Consultoria Solu\u00e7\u00f5es em Cada Etapa Desde o momento em que partilha o plano da sua casa de sonho conosco, assumimos a responsabilidade de o tornar realidade. Proporcionamos gest\u00e3o completa de projetos, assegurando a coordena\u00e7\u00e3o de todos os detalhes para que a sua casa incorpore o charme da [&hellip;]\" \/>\n<meta property=\"og:url\" content=\"https:\/\/oramags.pt\/fr\/servicos-apoio-consultoria-solucoes-cada-etapa\/\" \/>\n<meta property=\"og:site_name\" content=\"ORAMA\" \/>\n<meta property=\"article:modified_time\" content=\"2024-05-15T19:45:35+00:00\" \/>\n<meta name=\"twitter:card\" content=\"summary_large_image\" \/>\n<meta name=\"twitter:label1\" content=\"Dur\u00e9e de lecture estim\u00e9e\" \/>\n\t<meta name=\"twitter:data1\" content=\"3 minutes\" \/>\n<script type=\"application\/ld+json\" class=\"yoast-schema-graph\">{\"@context\":\"https:\/\/schema.org\",\"@graph\":[{\"@type\":\"WebPage\",\"@id\":\"https:\/\/oramags.pt\/servicos-apoio-consultoria-solucoes-cada-etapa\/\",\"url\":\"https:\/\/oramags.pt\/servicos-apoio-consultoria-solucoes-cada-etapa\/\",\"name\":\"Servi\u00e7os de Apoio e Consultoria Solu\u00e7\u00f5es em Cada Etapa - ORAMA\",\"isPartOf\":{\"@id\":\"https:\/\/oramags.pt\/#website\"},\"datePublished\":\"2024-04-27T13:23:21+00:00\",\"dateModified\":\"2024-05-15T19:45:35+00:00\",\"breadcrumb\":{\"@id\":\"https:\/\/oramags.pt\/servicos-apoio-consultoria-solucoes-cada-etapa\/#breadcrumb\"},\"inLanguage\":\"fr-FR\",\"potentialAction\":[{\"@type\":\"ReadAction\",\"target\":[\"https:\/\/oramags.pt\/servicos-apoio-consultoria-solucoes-cada-etapa\/\"]}]},{\"@type\":\"BreadcrumbList\",\"@id\":\"https:\/\/oramags.pt\/servicos-apoio-consultoria-solucoes-cada-etapa\/#breadcrumb\",\"itemListElement\":[{\"@type\":\"ListItem\",\"position\":1,\"name\":\"In\u00edcio\",\"item\":\"https:\/\/oramags.pt\/\"},{\"@type\":\"ListItem\",\"position\":2,\"name\":\"Servi\u00e7os de Apoio e Consultoria Solu\u00e7\u00f5es em Cada Etapa\"}]},{\"@type\":\"WebSite\",\"@id\":\"https:\/\/oramags.pt\/#website\",\"url\":\"https:\/\/oramags.pt\/\",\"name\":\"ORAMA \u2013 Green Real Estate & Consulting\",\"description\":\"ORAMA \u2013 Green Real Estate &amp; Consulting \u00e9 o seu parceiro de confian\u00e7a para uma transi\u00e7\u00e3o suave para as deslumbrantes paisagens rurais de Portugal.\",\"publisher\":{\"@id\":\"https:\/\/oramags.pt\/#organization\"},\"potentialAction\":[{\"@type\":\"SearchAction\",\"target\":{\"@type\":\"EntryPoint\",\"urlTemplate\":\"https:\/\/oramags.pt\/?s={search_term_string}\"},\"query-input\":{\"@type\":\"PropertyValueSpecification\",\"valueRequired\":true,\"valueName\":\"search_term_string\"}}],\"inLanguage\":\"fr-FR\"},{\"@type\":\"Organization\",\"@id\":\"https:\/\/oramags.pt\/#organization\",\"name\":\"Orama Green Solutions, Unipessoal, Lda\",\"url\":\"https:\/\/oramags.pt\/\",\"logo\":{\"@type\":\"ImageObject\",\"inLanguage\":\"fr-FR\",\"@id\":\"https:\/\/oramags.pt\/#\/schema\/logo\/image\/\",\"url\":\"https:\/\/oramags.pt\/wp-content\/uploads\/2016\/02\/Logotipo_ORAMA-GreenRealEstateConsulting.png\",\"contentUrl\":\"https:\/\/oramags.pt\/wp-content\/uploads\/2016\/02\/Logotipo_ORAMA-GreenRealEstateConsulting.png\",\"width\":500,\"height\":500,\"caption\":\"Orama Green Solutions, Unipessoal, Lda\"},\"image\":{\"@id\":\"https:\/\/oramags.pt\/#\/schema\/logo\/image\/\"},\"sameAs\":[\"https:\/\/www.youtube.com\/@ORAMAGREENREALESTATE\"]}]}<\/script>\n<!-- \/ Yoast SEO plugin. -->","yoast_head_json":{"title":"Servi\u00e7os de Apoio e Consultoria Solu\u00e7\u00f5es em Cada Etapa - ORAMA","robots":{"index":"index","follow":"follow","max-snippet":"max-snippet:-1","max-image-preview":"max-image-preview:large","max-video-preview":"max-video-preview:-1"},"canonical":"https:\/\/oramags.pt\/fr\/servicos-apoio-consultoria-solucoes-cada-etapa\/","og_locale":"fr_FR","og_type":"article","og_title":"Servi\u00e7os de Apoio e Consultoria Solu\u00e7\u00f5es em Cada Etapa - ORAMA","og_description":"ORAMA Green Consulting \u2013 Servi\u00e7os de Apoio e Consultoria Solu\u00e7\u00f5es em Cada Etapa Desde o momento em que partilha o plano da sua casa de sonho conosco, assumimos a responsabilidade de o tornar realidade. Proporcionamos gest\u00e3o completa de projetos, assegurando a coordena\u00e7\u00e3o de todos os detalhes para que a sua casa incorpore o charme da [&hellip;]","og_url":"https:\/\/oramags.pt\/fr\/servicos-apoio-consultoria-solucoes-cada-etapa\/","og_site_name":"ORAMA","article_modified_time":"2024-05-15T19:45:35+00:00","twitter_card":"summary_large_image","twitter_misc":{"Dur\u00e9e de lecture estim\u00e9e":"3 minutes"},"schema":{"@context":"https:\/\/schema.org","@graph":[{"@type":"WebPage","@id":"https:\/\/oramags.pt\/servicos-apoio-consultoria-solucoes-cada-etapa\/","url":"https:\/\/oramags.pt\/servicos-apoio-consultoria-solucoes-cada-etapa\/","name":"Servi\u00e7os de Apoio e Consultoria Solu\u00e7\u00f5es em Cada Etapa - ORAMA","isPartOf":{"@id":"https:\/\/oramags.pt\/#website"},"datePublished":"2024-04-27T13:23:21+00:00","dateModified":"2024-05-15T19:45:35+00:00","breadcrumb":{"@id":"https:\/\/oramags.pt\/servicos-apoio-consultoria-solucoes-cada-etapa\/#breadcrumb"},"inLanguage":"fr-FR","potentialAction":[{"@type":"ReadAction","target":["https:\/\/oramags.pt\/servicos-apoio-consultoria-solucoes-cada-etapa\/"]}]},{"@type":"BreadcrumbList","@id":"https:\/\/oramags.pt\/servicos-apoio-consultoria-solucoes-cada-etapa\/#breadcrumb","itemListElement":[{"@type":"ListItem","position":1,"name":"In\u00edcio","item":"https:\/\/oramags.pt\/"},{"@type":"ListItem","position":2,"name":"Servi\u00e7os de Apoio e Consultoria Solu\u00e7\u00f5es em Cada Etapa"}]},{"@type":"WebSite","@id":"https:\/\/oramags.pt\/#website","url":"https:\/\/oramags.pt\/","name":"ORAMA \u2013 Green Real Estate & Consulting","description":"ORAMA \u2013 Green Real Estate &amp; Consulting \u00e9 o seu parceiro de confian\u00e7a para uma transi\u00e7\u00e3o suave para as deslumbrantes paisagens rurais de Portugal.","publisher":{"@id":"https:\/\/oramags.pt\/#organization"},"potentialAction":[{"@type":"SearchAction","target":{"@type":"EntryPoint","urlTemplate":"https:\/\/oramags.pt\/?s={search_term_string}"},"query-input":{"@type":"PropertyValueSpecification","valueRequired":true,"valueName":"search_term_string"}}],"inLanguage":"fr-FR"},{"@type":"Organization","@id":"https:\/\/oramags.pt\/#organization","name":"Orama Green Solutions, Unipessoal, Lda","url":"https:\/\/oramags.pt\/","logo":{"@type":"ImageObject","inLanguage":"fr-FR","@id":"https:\/\/oramags.pt\/#\/schema\/logo\/image\/","url":"https:\/\/oramags.pt\/wp-content\/uploads\/2016\/02\/Logotipo_ORAMA-GreenRealEstateConsulting.png","contentUrl":"https:\/\/oramags.pt\/wp-content\/uploads\/2016\/02\/Logotipo_ORAMA-GreenRealEstateConsulting.png","width":500,"height":500,"caption":"Orama Green Solutions, Unipessoal, Lda"},"image":{"@id":"https:\/\/oramags.pt\/#\/schema\/logo\/image\/"},"sameAs":["https:\/\/www.youtube.com\/@ORAMAGREENREALESTATE"]}]}},"_links":{"self":[{"href":"https:\/\/oramags.pt\/fr\/wp-json\/wp\/v2\/pages\/17561","targetHints":{"allow":["GET"]}}],"collection":[{"href":"https:\/\/oramags.pt\/fr\/wp-json\/wp\/v2\/pages"}],"about":[{"href":"https:\/\/oramags.pt\/fr\/wp-json\/wp\/v2\/types\/page"}],"author":[{"embeddable":true,"href":"https:\/\/oramags.pt\/fr\/wp-json\/wp\/v2\/users\/1"}],"replies":[{"embeddable":true,"href":"https:\/\/oramags.pt\/fr\/wp-json\/wp\/v2\/comments?post=17561"}],"version-history":[{"count":0,"href":"https:\/\/oramags.pt\/fr\/wp-json\/wp\/v2\/pages\/17561\/revisions"}],"wp:attachment":[{"href":"https:\/\/oramags.pt\/fr\/wp-json\/wp\/v2\/media?parent=17561"}],"curies":[{"name":"wp","href":"https:\/\/api.w.org\/{rel}","templated":true}]}}