{"id":17563,"date":"2024-04-27T13:23:21","date_gmt":"2024-04-27T13:23:21","guid":{"rendered":"https:\/\/web.oramags.pt\/?page_id=17563"},"modified":"2024-05-14T19:21:43","modified_gmt":"2024-05-14T19:21:43","slug":"guia-expatriados","status":"publish","type":"page","link":"https:\/\/oramags.pt\/fr\/guia-expatriados\/","title":{"rendered":"Guide de l'expatri\u00e9"},"content":{"rendered":"<div data-elementor-type=\"wp-page\" data-elementor-id=\"17563\" class=\"elementor elementor-17563\">\n\t\t\t\t\t\t<section class=\"elementor-section elementor-top-section elementor-element elementor-element-5b81e21 elementor-section-height-min-height animated-slow elementor-section-boxed elementor-section-height-default elementor-section-items-middle elementor-invisible\" data-id=\"5b81e21\" data-element_type=\"section\" data-settings=\"{&quot;background_background&quot;:&quot;classic&quot;,&quot;animation&quot;:&quot;fadeIn&quot;}\">\n\t\t\t\t\t\t\t<div class=\"elementor-background-overlay\"><\/div>\n\t\t\t\t\t\t\t<div class=\"elementor-container elementor-column-gap-default\">\n\t\t\t\t\t<div class=\"elementor-column elementor-col-100 elementor-top-column elementor-element elementor-element-ad367f8\" data-id=\"ad367f8\" data-element_type=\"column\">\n\t\t\t<div class=\"elementor-widget-wrap elementor-element-populated\">\n\t\t\t\t\t\t<div class=\"elementor-element elementor-element-0e7939f elementor-widget elementor-widget-heading\" data-id=\"0e7939f\" data-element_type=\"widget\" data-widget_type=\"heading.default\">\n\t\t\t\t<div class=\"elementor-widget-container\">\n\t\t\t\t\t<h1 class=\"elementor-heading-title elementor-size-default\">Guide de l'expatri\u00e9<\/h1>\t\t\t\t<\/div>\n\t\t\t\t<\/div>\n\t\t\t\t\t<\/div>\n\t\t<\/div>\n\t\t\t\t\t<\/div>\n\t\t<\/section>\n\t\t\t\t<section class=\"elementor-section elementor-top-section elementor-element elementor-element-7de1bca elementor-section-boxed elementor-section-height-default elementor-section-height-default\" data-id=\"7de1bca\" data-element_type=\"section\">\n\t\t\t\t\t\t<div class=\"elementor-container elementor-column-gap-default\">\n\t\t\t\t\t<div class=\"elementor-column elementor-col-100 elementor-top-column elementor-element elementor-element-b896568\" data-id=\"b896568\" data-element_type=\"column\">\n\t\t\t<div class=\"elementor-widget-wrap elementor-element-populated\">\n\t\t\t\t\t\t<div class=\"elementor-element elementor-element-de14f81 elementor-widget elementor-widget-spacer\" data-id=\"de14f81\" data-element_type=\"widget\" data-widget_type=\"spacer.default\">\n\t\t\t\t<div class=\"elementor-widget-container\">\n\t\t\t\t\t\t\t<div class=\"elementor-spacer\">\n\t\t\t<div class=\"elementor-spacer-inner\"><\/div>\n\t\t<\/div>\n\t\t\t\t\t\t<\/div>\n\t\t\t\t<\/div>\n\t\t\t\t<div class=\"elementor-element elementor-element-8c5c262 elementor-widget elementor-widget-text-editor\" data-id=\"8c5c262\" data-element_type=\"widget\" data-widget_type=\"text-editor.default\">\n\t\t\t\t<div class=\"elementor-widget-container\">\n\t\t\t\t\t\t\t\t\t<p>S'installer dans un nouveau pays peut \u00eatre un d\u00e9fi. Nous sommes l\u00e0 pour faciliter cette transition gr\u00e2ce \u00e0 nos services de soutien et d'assistance aux expatri\u00e9s. Qu'il s'agisse de s'occuper de la documentation (comme le num\u00e9ro d'identification fiscale - NIF, l'ouverture d'un compte bancaire portugais, entre autres) ou d'aider \u00e0 l'int\u00e9gration, nous nous engageons \u00e0 faire en sorte que vous vous sentiez chez vous lorsque vous vous installez dans la vie rurale au Portugal.<\/p><p>Laissez notre \u00e9quipe de professionnels vous aider \u00e0 obtenir votre num\u00e9ro d'identification fiscale portugais (NIF) en toute simplicit\u00e9, m\u00eame si vous n'\u00eates pas au Portugal. Nous nous chargerons de toute la communication avec les autorit\u00e9s n\u00e9cessaires, ce qui simplifiera le processus pour vous.<\/p><p>Gagnez du temps et \u00e9vitez les frustrations li\u00e9es \u00e0 la bureaucratie portugaise. Contactez-nous d\u00e8s aujourd'hui pour savoir comment nous pouvons vous aider \u00e0 obtenir efficacement les documents dont vous avez besoin pour vous installer au Portugal.<\/p>\t\t\t\t\t\t\t\t<\/div>\n\t\t\t\t<\/div>\n\t\t\t\t<div class=\"elementor-element elementor-element-b59559d elementor-widget elementor-widget-spacer\" data-id=\"b59559d\" data-element_type=\"widget\" data-widget_type=\"spacer.default\">\n\t\t\t\t<div class=\"elementor-widget-container\">\n\t\t\t\t\t\t\t<div class=\"elementor-spacer\">\n\t\t\t<div class=\"elementor-spacer-inner\"><\/div>\n\t\t<\/div>\n\t\t\t\t\t\t<\/div>\n\t\t\t\t<\/div>\n\t\t\t\t\t<\/div>\n\t\t<\/div>\n\t\t\t\t\t<\/div>\n\t\t<\/section>\n\t\t\t\t<\/div>","protected":false},"excerpt":{"rendered":"<p>Guia para Expatriados A mudan\u00e7a para um novo pa\u00eds pode ser desafiadora. Estamos aqui para tornar essa transi\u00e7\u00e3o mais suave com os nossos servi\u00e7os de apoio e assist\u00eancia a expatriados. Desde lidar com documenta\u00e7\u00e3o (como o N\u00famero de Identifica\u00e7\u00e3o Fiscal &#8211; NIF, a abertura de uma conta banc\u00e1ria portuguesa, entre outros) at\u00e9 ajudar na integra\u00e7\u00e3o, [&hellip;]<\/p>","protected":false},"author":1,"featured_media":0,"parent":0,"menu_order":0,"comment_status":"closed","ping_status":"closed","template":"template\/template-homepage.php","meta":{"footnotes":""},"class_list":["post-17563","page","type-page","status-publish","hentry"],"yoast_head":"<!-- This site is optimized with the Yoast SEO plugin v25.2 - https:\/\/yoast.com\/wordpress\/plugins\/seo\/ -->\n<title>Guia para Expatriados - ORAMA<\/title>\n<meta name=\"robots\" content=\"index, follow, max-snippet:-1, max-image-preview:large, max-video-preview:-1\" \/>\n<link rel=\"canonical\" href=\"https:\/\/oramags.pt\/fr\/guia-expatriados\/\" \/>\n<meta property=\"og:locale\" content=\"fr_FR\" \/>\n<meta property=\"og:type\" content=\"article\" \/>\n<meta property=\"og:title\" content=\"Guia para Expatriados - ORAMA\" \/>\n<meta property=\"og:description\" content=\"Guia para Expatriados A mudan\u00e7a para um novo pa\u00eds pode ser desafiadora. Estamos aqui para tornar essa transi\u00e7\u00e3o mais suave com os nossos servi\u00e7os de apoio e assist\u00eancia a expatriados. Desde lidar com documenta\u00e7\u00e3o (como o N\u00famero de Identifica\u00e7\u00e3o Fiscal &#8211; NIF, a abertura de uma conta banc\u00e1ria portuguesa, entre outros) at\u00e9 ajudar na integra\u00e7\u00e3o, [&hellip;]\" \/>\n<meta property=\"og:url\" content=\"https:\/\/oramags.pt\/fr\/guia-expatriados\/\" \/>\n<meta property=\"og:site_name\" content=\"ORAMA\" \/>\n<meta property=\"article:modified_time\" content=\"2024-05-14T19:21:43+00:00\" \/>\n<meta name=\"twitter:card\" content=\"summary_large_image\" \/>\n<meta name=\"twitter:label1\" content=\"Dur\u00e9e de lecture estim\u00e9e\" \/>\n\t<meta name=\"twitter:data1\" content=\"1 minute\" \/>\n<script type=\"application\/ld+json\" class=\"yoast-schema-graph\">{\"@context\":\"https:\/\/schema.org\",\"@graph\":[{\"@type\":\"WebPage\",\"@id\":\"https:\/\/oramags.pt\/guia-expatriados\/\",\"url\":\"https:\/\/oramags.pt\/guia-expatriados\/\",\"name\":\"Guia para Expatriados - ORAMA\",\"isPartOf\":{\"@id\":\"https:\/\/oramags.pt\/#website\"},\"datePublished\":\"2024-04-27T13:23:21+00:00\",\"dateModified\":\"2024-05-14T19:21:43+00:00\",\"breadcrumb\":{\"@id\":\"https:\/\/oramags.pt\/guia-expatriados\/#breadcrumb\"},\"inLanguage\":\"fr-FR\",\"potentialAction\":[{\"@type\":\"ReadAction\",\"target\":[\"https:\/\/oramags.pt\/guia-expatriados\/\"]}]},{\"@type\":\"BreadcrumbList\",\"@id\":\"https:\/\/oramags.pt\/guia-expatriados\/#breadcrumb\",\"itemListElement\":[{\"@type\":\"ListItem\",\"position\":1,\"name\":\"In\u00edcio\",\"item\":\"https:\/\/oramags.pt\/\"},{\"@type\":\"ListItem\",\"position\":2,\"name\":\"Guia para Expatriados\"}]},{\"@type\":\"WebSite\",\"@id\":\"https:\/\/oramags.pt\/#website\",\"url\":\"https:\/\/oramags.pt\/\",\"name\":\"ORAMA \u2013 Green Real Estate & Consulting\",\"description\":\"ORAMA \u2013 Green Real Estate &amp; Consulting \u00e9 o seu parceiro de confian\u00e7a para uma transi\u00e7\u00e3o suave para as deslumbrantes paisagens rurais de Portugal.\",\"publisher\":{\"@id\":\"https:\/\/oramags.pt\/#organization\"},\"potentialAction\":[{\"@type\":\"SearchAction\",\"target\":{\"@type\":\"EntryPoint\",\"urlTemplate\":\"https:\/\/oramags.pt\/?s={search_term_string}\"},\"query-input\":{\"@type\":\"PropertyValueSpecification\",\"valueRequired\":true,\"valueName\":\"search_term_string\"}}],\"inLanguage\":\"fr-FR\"},{\"@type\":\"Organization\",\"@id\":\"https:\/\/oramags.pt\/#organization\",\"name\":\"Orama Green Solutions, Unipessoal, Lda\",\"url\":\"https:\/\/oramags.pt\/\",\"logo\":{\"@type\":\"ImageObject\",\"inLanguage\":\"fr-FR\",\"@id\":\"https:\/\/oramags.pt\/#\/schema\/logo\/image\/\",\"url\":\"https:\/\/oramags.pt\/wp-content\/uploads\/2016\/02\/Logotipo_ORAMA-GreenRealEstateConsulting.png\",\"contentUrl\":\"https:\/\/oramags.pt\/wp-content\/uploads\/2016\/02\/Logotipo_ORAMA-GreenRealEstateConsulting.png\",\"width\":500,\"height\":500,\"caption\":\"Orama Green Solutions, Unipessoal, Lda\"},\"image\":{\"@id\":\"https:\/\/oramags.pt\/#\/schema\/logo\/image\/\"},\"sameAs\":[\"https:\/\/www.youtube.com\/@ORAMAGREENREALESTATE\"]}]}<\/script>\n<!-- \/ Yoast SEO plugin. -->","yoast_head_json":{"title":"Guia para Expatriados - ORAMA","robots":{"index":"index","follow":"follow","max-snippet":"max-snippet:-1","max-image-preview":"max-image-preview:large","max-video-preview":"max-video-preview:-1"},"canonical":"https:\/\/oramags.pt\/fr\/guia-expatriados\/","og_locale":"fr_FR","og_type":"article","og_title":"Guia para Expatriados - ORAMA","og_description":"Guia para Expatriados A mudan\u00e7a para um novo pa\u00eds pode ser desafiadora. Estamos aqui para tornar essa transi\u00e7\u00e3o mais suave com os nossos servi\u00e7os de apoio e assist\u00eancia a expatriados. Desde lidar com documenta\u00e7\u00e3o (como o N\u00famero de Identifica\u00e7\u00e3o Fiscal &#8211; NIF, a abertura de uma conta banc\u00e1ria portuguesa, entre outros) at\u00e9 ajudar na integra\u00e7\u00e3o, [&hellip;]","og_url":"https:\/\/oramags.pt\/fr\/guia-expatriados\/","og_site_name":"ORAMA","article_modified_time":"2024-05-14T19:21:43+00:00","twitter_card":"summary_large_image","twitter_misc":{"Dur\u00e9e de lecture estim\u00e9e":"1 minute"},"schema":{"@context":"https:\/\/schema.org","@graph":[{"@type":"WebPage","@id":"https:\/\/oramags.pt\/guia-expatriados\/","url":"https:\/\/oramags.pt\/guia-expatriados\/","name":"Guia para Expatriados - ORAMA","isPartOf":{"@id":"https:\/\/oramags.pt\/#website"},"datePublished":"2024-04-27T13:23:21+00:00","dateModified":"2024-05-14T19:21:43+00:00","breadcrumb":{"@id":"https:\/\/oramags.pt\/guia-expatriados\/#breadcrumb"},"inLanguage":"fr-FR","potentialAction":[{"@type":"ReadAction","target":["https:\/\/oramags.pt\/guia-expatriados\/"]}]},{"@type":"BreadcrumbList","@id":"https:\/\/oramags.pt\/guia-expatriados\/#breadcrumb","itemListElement":[{"@type":"ListItem","position":1,"name":"In\u00edcio","item":"https:\/\/oramags.pt\/"},{"@type":"ListItem","position":2,"name":"Guia para Expatriados"}]},{"@type":"WebSite","@id":"https:\/\/oramags.pt\/#website","url":"https:\/\/oramags.pt\/","name":"ORAMA \u2013 Green Real Estate & Consulting","description":"ORAMA \u2013 Green Real Estate &amp; Consulting \u00e9 o seu parceiro de confian\u00e7a para uma transi\u00e7\u00e3o suave para as deslumbrantes paisagens rurais de Portugal.","publisher":{"@id":"https:\/\/oramags.pt\/#organization"},"potentialAction":[{"@type":"SearchAction","target":{"@type":"EntryPoint","urlTemplate":"https:\/\/oramags.pt\/?s={search_term_string}"},"query-input":{"@type":"PropertyValueSpecification","valueRequired":true,"valueName":"search_term_string"}}],"inLanguage":"fr-FR"},{"@type":"Organization","@id":"https:\/\/oramags.pt\/#organization","name":"Orama Green Solutions, Unipessoal, Lda","url":"https:\/\/oramags.pt\/","logo":{"@type":"ImageObject","inLanguage":"fr-FR","@id":"https:\/\/oramags.pt\/#\/schema\/logo\/image\/","url":"https:\/\/oramags.pt\/wp-content\/uploads\/2016\/02\/Logotipo_ORAMA-GreenRealEstateConsulting.png","contentUrl":"https:\/\/oramags.pt\/wp-content\/uploads\/2016\/02\/Logotipo_ORAMA-GreenRealEstateConsulting.png","width":500,"height":500,"caption":"Orama Green Solutions, Unipessoal, Lda"},"image":{"@id":"https:\/\/oramags.pt\/#\/schema\/logo\/image\/"},"sameAs":["https:\/\/www.youtube.com\/@ORAMAGREENREALESTATE"]}]}},"_links":{"self":[{"href":"https:\/\/oramags.pt\/fr\/wp-json\/wp\/v2\/pages\/17563","targetHints":{"allow":["GET"]}}],"collection":[{"href":"https:\/\/oramags.pt\/fr\/wp-json\/wp\/v2\/pages"}],"about":[{"href":"https:\/\/oramags.pt\/fr\/wp-json\/wp\/v2\/types\/page"}],"author":[{"embeddable":true,"href":"https:\/\/oramags.pt\/fr\/wp-json\/wp\/v2\/users\/1"}],"replies":[{"embeddable":true,"href":"https:\/\/oramags.pt\/fr\/wp-json\/wp\/v2\/comments?post=17563"}],"version-history":[{"count":0,"href":"https:\/\/oramags.pt\/fr\/wp-json\/wp\/v2\/pages\/17563\/revisions"}],"wp:attachment":[{"href":"https:\/\/oramags.pt\/fr\/wp-json\/wp\/v2\/media?parent=17563"}],"curies":[{"name":"wp","href":"https:\/\/api.w.org\/{rel}","templated":true}]}}