{"id":17751,"date":"2024-04-28T14:48:54","date_gmt":"2024-04-28T14:48:54","guid":{"rendered":"https:\/\/web.oramags.pt\/?page_id=17751"},"modified":"2024-05-23T21:41:51","modified_gmt":"2024-05-23T21:41:51","slug":"termos-e-condicoes","status":"publish","type":"page","link":"https:\/\/oramags.pt\/fr\/termos-e-condicoes\/","title":{"rendered":"Termes et Conditions"},"content":{"rendered":"<div data-elementor-type=\"wp-page\" data-elementor-id=\"17751\" class=\"elementor elementor-17751\">\n\t\t\t\t<div class=\"elementor-element elementor-element-b4df1a8 e-flex e-con-boxed e-con e-parent\" data-id=\"b4df1a8\" data-element_type=\"container\">\n\t\t\t\t\t<div class=\"e-con-inner\">\n\t\t\t\t<div class=\"elementor-element elementor-element-7f80c78 elementor-widget elementor-widget-text-editor\" data-id=\"7f80c78\" data-element_type=\"widget\" data-widget_type=\"text-editor.default\">\n\t\t\t\t<div class=\"elementor-widget-container\">\n\t\t\t\t\t\t\t\t\t<h4>1. Introduction<\/h4><p>Ce site web est d\u00e9tenu et g\u00e9r\u00e9 par <span style=\"text-decoration: underline;\">Orama Green Solutions, Unipessoal, Lda.<\/span>soci\u00e9t\u00e9 de droit portugais, dont le si\u00e8ge social est situ\u00e9 \u00e0 R. do Pinheiral 93, 4625-357 Penha Longa, Marco de Canaveses, Portugal, NIF 516590570. AMI 22941.<\/p><p>En acc\u00e9dant \u00e0 ce site web ou en l'utilisant, vous acceptez d'\u00eatre li\u00e9 par les pr\u00e9sentes conditions g\u00e9n\u00e9rales. Si vous n'acceptez pas ces conditions, vous ne devez pas acc\u00e9der \u00e0 ce site web ni l'utiliser.<\/p>\t\t\t\t\t\t\t\t<\/div>\n\t\t\t\t<\/div>\n\t\t\t\t<div class=\"elementor-element elementor-element-a253cc4 elementor-widget elementor-widget-text-editor\" data-id=\"a253cc4\" data-element_type=\"widget\" data-widget_type=\"text-editor.default\">\n\t\t\t\t<div class=\"elementor-widget-container\">\n\t\t\t\t\t\t\t\t\t<h4>2. Modifications des pr\u00e9sentes conditions g\u00e9n\u00e9rales<\/h4><p>L' <span style=\"text-decoration: underline;\">Orama Green Solutions, Unipessoal, Lda. <\/span>se r\u00e9serve le droit de modifier les pr\u00e9sentes conditions g\u00e9n\u00e9rales \u00e0 tout moment et sans pr\u00e9avis. Il vous incombe de consulter r\u00e9guli\u00e8rement les pr\u00e9sentes conditions g\u00e9n\u00e9rales afin de vous tenir inform\u00e9 de toute modification. La poursuite de l'utilisation de ce site web apr\u00e8s toute modification des pr\u00e9sentes conditions g\u00e9n\u00e9rales sera consid\u00e9r\u00e9e comme une acceptation de ces modifications.<\/p>\t\t\t\t\t\t\t\t<\/div>\n\t\t\t\t<\/div>\n\t\t\t\t<div class=\"elementor-element elementor-element-7732789 elementor-widget elementor-widget-text-editor\" data-id=\"7732789\" data-element_type=\"widget\" data-widget_type=\"text-editor.default\">\n\t\t\t\t<div class=\"elementor-widget-container\">\n\t\t\t\t\t\t\t\t\t<h4>3. Utilisation du site web<\/h4><p>Vous pouvez acc\u00e9der \u00e0 ce site web et l'utiliser uniquement \u00e0 des fins personnelles et non commerciales. Vous ne pouvez pas utiliser ce site \u00e0 d'autres fins, y compris, mais sans s'y limiter, \u00e0 des fins commerciales, sans l'autorisation \u00e9crite pr\u00e9alable de <span style=\"text-decoration: underline;\">Orama Green Solutions, Unipessoal, Lda.<\/span><\/p><p>Vous acceptez de ne pas utiliser ce site web de quelque mani\u00e8re que ce soit:<\/p><ul><li>est ill\u00e9gale;<\/li><li>nuisibles ou offensants;<\/li><li>porte atteinte aux droits d'un tiers;<\/li><li>est trompeuse ou frauduleuse;<\/li><li>est en infraction avec toute loi ou r\u00e9glementation applicable;<\/li><li>ou est pr\u00e9judiciable \u00e0 <span style=\"text-decoration: underline;\">Orama Green Solutions, Unipessoal, Lda.<\/span> ou tout autre tiers.<\/li><\/ul>\t\t\t\t\t\t\t\t<\/div>\n\t\t\t\t<\/div>\n\t\t\t\t<div class=\"elementor-element elementor-element-9411c44 elementor-widget elementor-widget-text-editor\" data-id=\"9411c44\" data-element_type=\"widget\" data-widget_type=\"text-editor.default\">\n\t\t\t\t<div class=\"elementor-widget-container\">\n\t\t\t\t\t\t\t\t\t<h4>4. Informations sur ce site web<\/h4><p>Les informations contenues dans ce site web sont fournies \"en l'\u00e9tat\" et sans aucune garantie ou repr\u00e9sentation de quelque nature que ce soit, expresse ou implicite. L' <span style=\"text-decoration: underline;\">Orama Green Solutions, Unipessoal, Lda.<\/span> ne garantit pas que les informations contenues dans ce site web sont exactes, compl\u00e8tes ou \u00e0 jour.<\/p><p>L' <span style=\"text-decoration: underline;\">Orama Green Solutions, Unipessoal, Lda.<\/span> se r\u00e9serve le droit de modifier ou de supprimer toute information sur ce site web \u00e0 tout moment et sans pr\u00e9avis.<\/p>\t\t\t\t\t\t\t\t<\/div>\n\t\t\t\t<\/div>\n\t\t\t\t<div class=\"elementor-element elementor-element-99a8f31 elementor-widget elementor-widget-text-editor\" data-id=\"99a8f31\" data-element_type=\"widget\" data-widget_type=\"text-editor.default\">\n\t\t\t\t<div class=\"elementor-widget-container\">\n\t\t\t\t\t\t\t\t\t<h4>5. Liens vers d'autres sites web<\/h4><p>Ce site web peut contenir des liens vers d'autres sites web. L' <span style=\"text-decoration: underline;\">Orama Green Solutions, Unipessoal, Lda.<\/span> ne contr\u00f4le pas ces sites et n'est pas responsable de leur contenu.<\/p>\t\t\t\t\t\t\t\t<\/div>\n\t\t\t\t<\/div>\n\t\t\t\t<div class=\"elementor-element elementor-element-20412b3 elementor-widget elementor-widget-text-editor\" data-id=\"20412b3\" data-element_type=\"widget\" data-widget_type=\"text-editor.default\">\n\t\t\t\t<div class=\"elementor-widget-container\">\n\t\t\t\t\t\t\t\t\t<h4>6. La responsabilit\u00e9<\/h4><p>L' <span style=\"text-decoration: underline;\">Orama Green Solutions, Unipessoal, Lda.<\/span> ne sera pas responsable des dommages directs, indirects, sp\u00e9ciaux, accessoires ou cons\u00e9cutifs r\u00e9sultant de l'utilisation de ce site web, que ce soit dans le cadre d'un contrat, d'un d\u00e9lit civil ou autre, m\u00eame si la <span style=\"text-decoration: underline;\">Orama Green Solutions, Unipessoal, Lda.<\/span> tenha sido avisada da possibilidade de tais danos.<\/p>\t\t\t\t\t\t\t\t<\/div>\n\t\t\t\t<\/div>\n\t\t\t\t<div class=\"elementor-element elementor-element-41f020b elementor-widget elementor-widget-text-editor\" data-id=\"41f020b\" data-element_type=\"widget\" data-widget_type=\"text-editor.default\">\n\t\t\t\t<div class=\"elementor-widget-container\">\n\t\t\t\t\t\t\t\t\t<h4>7. Acordo Integral<\/h4><p>Estes Termos e Condi\u00e7\u00f5es constituem o acordo integral entre si e a <span style=\"text-decoration: underline;\">Orama Green Solutions, Unipessoal, Lda.<\/span> no que diz respeito ao uso deste website e substituem todas as comunica\u00e7\u00f5es, representa\u00e7\u00f5es ou acordos anteriores ou contempor\u00e2neos, quer orais ou escritos.<\/p>\t\t\t\t\t\t\t\t<\/div>\n\t\t\t\t<\/div>\n\t\t\t\t<div class=\"elementor-element elementor-element-c999fb7 elementor-widget elementor-widget-text-editor\" data-id=\"c999fb7\" data-element_type=\"widget\" data-widget_type=\"text-editor.default\">\n\t\t\t\t<div class=\"elementor-widget-container\">\n\t\t\t\t\t\t\t\t\t<h4>8. Droit Applicable<\/h4><p>Les pr\u00e9sentes conditions g\u00e9n\u00e9rales sont r\u00e9gies et interpr\u00e9t\u00e9es conform\u00e9ment aux lois du Portugal. Tout litige d\u00e9coulant des pr\u00e9sentes conditions g\u00e9n\u00e9rales ou s'y rapportant sera soumis \u00e0 la comp\u00e9tence exclusive des tribunaux du Portugal.<\/p>\t\t\t\t\t\t\t\t<\/div>\n\t\t\t\t<\/div>\n\t\t\t\t\t<\/div>\n\t\t\t\t<\/div>\n\t\t\t\t<\/div>","protected":false},"excerpt":{"rendered":"<p>1. Introdu\u00e7\u00e3o Este website \u00e9 propriedade e \u00e9 operado pela Orama Green Solutions, Unipessoal, Lda., uma empresa constitu\u00edda em Portugal, com sede registada em R. do Pinheiral 93, 4625-357 Penha Longa, Marco de Canaveses, Portugal, NIF 516590570. AMI 22941. Ao aceder ou utilizar este website, concorda em ficar vinculado a estes Termos e Condi\u00e7\u00f5es. Se [&hellip;]<\/p>","protected":false},"author":1,"featured_media":0,"parent":0,"menu_order":0,"comment_status":"closed","ping_status":"closed","template":"template\/template-page.php","meta":{"footnotes":""},"class_list":["post-17751","page","type-page","status-publish","hentry"],"yoast_head":"<!-- This site is optimized with the Yoast SEO plugin v25.2 - https:\/\/yoast.com\/wordpress\/plugins\/seo\/ -->\n<title>Termos e Condi\u00e7\u00f5es - ORAMA<\/title>\n<meta name=\"robots\" content=\"index, follow, max-snippet:-1, max-image-preview:large, max-video-preview:-1\" \/>\n<link rel=\"canonical\" href=\"https:\/\/oramags.pt\/fr\/termos-e-condicoes\/\" \/>\n<meta property=\"og:locale\" content=\"fr_FR\" \/>\n<meta property=\"og:type\" content=\"article\" \/>\n<meta property=\"og:title\" content=\"Termos e Condi\u00e7\u00f5es - ORAMA\" \/>\n<meta property=\"og:description\" content=\"1. Introdu\u00e7\u00e3o Este website \u00e9 propriedade e \u00e9 operado pela Orama Green Solutions, Unipessoal, Lda., uma empresa constitu\u00edda em Portugal, com sede registada em R. do Pinheiral 93, 4625-357 Penha Longa, Marco de Canaveses, Portugal, NIF 516590570. AMI 22941. Ao aceder ou utilizar este website, concorda em ficar vinculado a estes Termos e Condi\u00e7\u00f5es. Se [&hellip;]\" \/>\n<meta property=\"og:url\" content=\"https:\/\/oramags.pt\/fr\/termos-e-condicoes\/\" \/>\n<meta property=\"og:site_name\" content=\"ORAMA\" \/>\n<meta property=\"article:modified_time\" content=\"2024-05-23T21:41:51+00:00\" \/>\n<meta name=\"twitter:card\" content=\"summary_large_image\" \/>\n<meta name=\"twitter:label1\" content=\"Dur\u00e9e de lecture estim\u00e9e\" \/>\n\t<meta name=\"twitter:data1\" content=\"2 minutes\" \/>\n<script type=\"application\/ld+json\" class=\"yoast-schema-graph\">{\"@context\":\"https:\/\/schema.org\",\"@graph\":[{\"@type\":\"WebPage\",\"@id\":\"https:\/\/oramags.pt\/termos-e-condicoes\/\",\"url\":\"https:\/\/oramags.pt\/termos-e-condicoes\/\",\"name\":\"Termos e Condi\u00e7\u00f5es - ORAMA\",\"isPartOf\":{\"@id\":\"https:\/\/oramags.pt\/#website\"},\"datePublished\":\"2024-04-28T14:48:54+00:00\",\"dateModified\":\"2024-05-23T21:41:51+00:00\",\"breadcrumb\":{\"@id\":\"https:\/\/oramags.pt\/termos-e-condicoes\/#breadcrumb\"},\"inLanguage\":\"fr-FR\",\"potentialAction\":[{\"@type\":\"ReadAction\",\"target\":[\"https:\/\/oramags.pt\/termos-e-condicoes\/\"]}]},{\"@type\":\"BreadcrumbList\",\"@id\":\"https:\/\/oramags.pt\/termos-e-condicoes\/#breadcrumb\",\"itemListElement\":[{\"@type\":\"ListItem\",\"position\":1,\"name\":\"In\u00edcio\",\"item\":\"https:\/\/oramags.pt\/\"},{\"@type\":\"ListItem\",\"position\":2,\"name\":\"Termos e Condi\u00e7\u00f5es\"}]},{\"@type\":\"WebSite\",\"@id\":\"https:\/\/oramags.pt\/#website\",\"url\":\"https:\/\/oramags.pt\/\",\"name\":\"ORAMA \u2013 Green Real Estate & Consulting\",\"description\":\"ORAMA \u2013 Green Real Estate &amp; Consulting \u00e9 o seu parceiro de confian\u00e7a para uma transi\u00e7\u00e3o suave para as deslumbrantes paisagens rurais de Portugal.\",\"publisher\":{\"@id\":\"https:\/\/oramags.pt\/#organization\"},\"potentialAction\":[{\"@type\":\"SearchAction\",\"target\":{\"@type\":\"EntryPoint\",\"urlTemplate\":\"https:\/\/oramags.pt\/?s={search_term_string}\"},\"query-input\":{\"@type\":\"PropertyValueSpecification\",\"valueRequired\":true,\"valueName\":\"search_term_string\"}}],\"inLanguage\":\"fr-FR\"},{\"@type\":\"Organization\",\"@id\":\"https:\/\/oramags.pt\/#organization\",\"name\":\"Orama Green Solutions, Unipessoal, Lda\",\"url\":\"https:\/\/oramags.pt\/\",\"logo\":{\"@type\":\"ImageObject\",\"inLanguage\":\"fr-FR\",\"@id\":\"https:\/\/oramags.pt\/#\/schema\/logo\/image\/\",\"url\":\"https:\/\/oramags.pt\/wp-content\/uploads\/2016\/02\/Logotipo_ORAMA-GreenRealEstateConsulting.png\",\"contentUrl\":\"https:\/\/oramags.pt\/wp-content\/uploads\/2016\/02\/Logotipo_ORAMA-GreenRealEstateConsulting.png\",\"width\":500,\"height\":500,\"caption\":\"Orama Green Solutions, Unipessoal, Lda\"},\"image\":{\"@id\":\"https:\/\/oramags.pt\/#\/schema\/logo\/image\/\"},\"sameAs\":[\"https:\/\/www.youtube.com\/@ORAMAGREENREALESTATE\"]}]}<\/script>\n<!-- \/ Yoast SEO plugin. -->","yoast_head_json":{"title":"Termos e Condi\u00e7\u00f5es - ORAMA","robots":{"index":"index","follow":"follow","max-snippet":"max-snippet:-1","max-image-preview":"max-image-preview:large","max-video-preview":"max-video-preview:-1"},"canonical":"https:\/\/oramags.pt\/fr\/termos-e-condicoes\/","og_locale":"fr_FR","og_type":"article","og_title":"Termos e Condi\u00e7\u00f5es - ORAMA","og_description":"1. Introdu\u00e7\u00e3o Este website \u00e9 propriedade e \u00e9 operado pela Orama Green Solutions, Unipessoal, Lda., uma empresa constitu\u00edda em Portugal, com sede registada em R. do Pinheiral 93, 4625-357 Penha Longa, Marco de Canaveses, Portugal, NIF 516590570. AMI 22941. Ao aceder ou utilizar este website, concorda em ficar vinculado a estes Termos e Condi\u00e7\u00f5es. Se [&hellip;]","og_url":"https:\/\/oramags.pt\/fr\/termos-e-condicoes\/","og_site_name":"ORAMA","article_modified_time":"2024-05-23T21:41:51+00:00","twitter_card":"summary_large_image","twitter_misc":{"Dur\u00e9e de lecture estim\u00e9e":"2 minutes"},"schema":{"@context":"https:\/\/schema.org","@graph":[{"@type":"WebPage","@id":"https:\/\/oramags.pt\/termos-e-condicoes\/","url":"https:\/\/oramags.pt\/termos-e-condicoes\/","name":"Termos e Condi\u00e7\u00f5es - ORAMA","isPartOf":{"@id":"https:\/\/oramags.pt\/#website"},"datePublished":"2024-04-28T14:48:54+00:00","dateModified":"2024-05-23T21:41:51+00:00","breadcrumb":{"@id":"https:\/\/oramags.pt\/termos-e-condicoes\/#breadcrumb"},"inLanguage":"fr-FR","potentialAction":[{"@type":"ReadAction","target":["https:\/\/oramags.pt\/termos-e-condicoes\/"]}]},{"@type":"BreadcrumbList","@id":"https:\/\/oramags.pt\/termos-e-condicoes\/#breadcrumb","itemListElement":[{"@type":"ListItem","position":1,"name":"In\u00edcio","item":"https:\/\/oramags.pt\/"},{"@type":"ListItem","position":2,"name":"Termos e Condi\u00e7\u00f5es"}]},{"@type":"WebSite","@id":"https:\/\/oramags.pt\/#website","url":"https:\/\/oramags.pt\/","name":"ORAMA \u2013 Green Real Estate & Consulting","description":"ORAMA \u2013 Green Real Estate &amp; Consulting \u00e9 o seu parceiro de confian\u00e7a para uma transi\u00e7\u00e3o suave para as deslumbrantes paisagens rurais de Portugal.","publisher":{"@id":"https:\/\/oramags.pt\/#organization"},"potentialAction":[{"@type":"SearchAction","target":{"@type":"EntryPoint","urlTemplate":"https:\/\/oramags.pt\/?s={search_term_string}"},"query-input":{"@type":"PropertyValueSpecification","valueRequired":true,"valueName":"search_term_string"}}],"inLanguage":"fr-FR"},{"@type":"Organization","@id":"https:\/\/oramags.pt\/#organization","name":"Orama Green Solutions, Unipessoal, Lda","url":"https:\/\/oramags.pt\/","logo":{"@type":"ImageObject","inLanguage":"fr-FR","@id":"https:\/\/oramags.pt\/#\/schema\/logo\/image\/","url":"https:\/\/oramags.pt\/wp-content\/uploads\/2016\/02\/Logotipo_ORAMA-GreenRealEstateConsulting.png","contentUrl":"https:\/\/oramags.pt\/wp-content\/uploads\/2016\/02\/Logotipo_ORAMA-GreenRealEstateConsulting.png","width":500,"height":500,"caption":"Orama Green Solutions, Unipessoal, Lda"},"image":{"@id":"https:\/\/oramags.pt\/#\/schema\/logo\/image\/"},"sameAs":["https:\/\/www.youtube.com\/@ORAMAGREENREALESTATE"]}]}},"_links":{"self":[{"href":"https:\/\/oramags.pt\/fr\/wp-json\/wp\/v2\/pages\/17751","targetHints":{"allow":["GET"]}}],"collection":[{"href":"https:\/\/oramags.pt\/fr\/wp-json\/wp\/v2\/pages"}],"about":[{"href":"https:\/\/oramags.pt\/fr\/wp-json\/wp\/v2\/types\/page"}],"author":[{"embeddable":true,"href":"https:\/\/oramags.pt\/fr\/wp-json\/wp\/v2\/users\/1"}],"replies":[{"embeddable":true,"href":"https:\/\/oramags.pt\/fr\/wp-json\/wp\/v2\/comments?post=17751"}],"version-history":[{"count":0,"href":"https:\/\/oramags.pt\/fr\/wp-json\/wp\/v2\/pages\/17751\/revisions"}],"wp:attachment":[{"href":"https:\/\/oramags.pt\/fr\/wp-json\/wp\/v2\/media?parent=17751"}],"curies":[{"name":"wp","href":"https:\/\/api.w.org\/{rel}","templated":true}]}}